{"id":23683,"date":"2025-12-02T15:58:16","date_gmt":"2025-12-02T15:58:16","guid":{"rendered":"https:\/\/catwatches.com\/?post_type=product&#038;p=23683"},"modified":"2025-12-02T16:23:49","modified_gmt":"2025-12-02T16:23:49","slug":"negro-copy-copy-copy","status":"publish","type":"product","link":"https:\/\/catwatches.com\/es\/product\/sin categor\u00eda\/negro-copy-copy-copy\/","title":{"rendered":"Negro (Copy) (Copy) (Copy)"},"content":{"rendered":"<h3>S\u00f3lo mejora con el tiempo.<\/h3>\n<p>Una pieza atemporal con un dise\u00f1o llamativo y aspectos t\u00e9cnicos que hacen de este reloj una elecci\u00f3n atractiva. La construcci\u00f3n de triple capa de la esfera proporciona una combinaci\u00f3n sin esfuerzo de masculinidad con elementos de sofisticaci\u00f3n. Todos los colores, desde el acero inoxidable hasta el contempor\u00e1neo oro rosa, ser\u00e1n tan relevantes dentro de una d\u00e9cada como lo son hoy.<\/p>\n","protected":false},"excerpt":{"rendered":"<p>S\u00f3lo mejora con el tiempo. Una pieza atemporal con un dise\u00f1o llamativo y aspectos t\u00e9cnicos que hacen de este reloj una elecci\u00f3n atractiva. La construcci\u00f3n de triple capa de la esfera proporciona una combinaci\u00f3n sin esfuerzo de masculinidad con elementos de sofisticaci\u00f3n. Todos los colores, desde el acero inoxidable hasta el contempor\u00e1neo oro rosa, ser\u00e1n [&hellip;]<\/p>\n","protected":false},"featured_media":23685,"comment_status":"open","ping_status":"closed","template":"","meta":{"_acf_changed":false},"product_brand":[],"product_cat":[],"product_tag":[],"class_list":{"0":"post-23683","1":"product","2":"type-product","3":"status-publish","4":"has-post-thumbnail","6":"pa_color-negro","7":"pa_color-plata","8":"pa_features-cronografo","9":"pa_gender-hombre","11":"first","12":"instock","13":"shipping-taxable","14":"purchasable","15":"product-type-simple"},"acf":[],"yoast_head":"<!-- This site is optimized with the Yoast SEO Premium plugin v27.3 (Yoast SEO v27.3) - https:\/\/yoast.com\/product\/yoast-seo-premium-wordpress\/ -->\n<title>Negro (Copy) (Copy) (Copy) - Cat Watches<\/title>\n<meta name=\"robots\" content=\"index, follow, max-snippet:-1, max-image-preview:large, max-video-preview:-1\" \/>\n<link rel=\"canonical\" href=\"https:\/\/catwatches.com\/es\/product\/sin%20categor\u00eda\/negro-copy-copy-copy\/\" \/>\n<meta property=\"og:locale\" content=\"es_ES\" \/>\n<meta property=\"og:type\" content=\"article\" \/>\n<meta property=\"og:title\" content=\"Negro (Copy) (Copy) (Copy)\" \/>\n<meta property=\"og:description\" content=\"S\u00f3lo mejora con el tiempo. Una pieza atemporal con un dise\u00f1o llamativo y aspectos t\u00e9cnicos que hacen de este reloj una elecci\u00f3n atractiva. La construcci\u00f3n de triple capa de la esfera proporciona una combinaci\u00f3n sin esfuerzo de masculinidad con elementos de sofisticaci\u00f3n. Todos los colores, desde el acero inoxidable hasta el contempor\u00e1neo oro rosa, ser\u00e1n [&hellip;]\" \/>\n<meta property=\"og:url\" content=\"https:\/\/catwatches.com\/es\/product\/sin categor\u00eda\/negro-copy-copy-copy\/\" \/>\n<meta property=\"og:site_name\" content=\"Cat Watches\" \/>\n<meta property=\"article:publisher\" content=\"https:\/\/www.facebook.com\/catwatches\/\" \/>\n<meta property=\"article:modified_time\" content=\"2025-12-02T16:23:49+00:00\" \/>\n<meta property=\"og:image\" content=\"https:\/\/catwatches.com\/wp-content\/uploads\/2025\/12\/AV.143.11.131.png\" \/>\n\t<meta property=\"og:image:width\" content=\"667\" \/>\n\t<meta property=\"og:image:height\" content=\"1121\" \/>\n\t<meta property=\"og:image:type\" content=\"image\/png\" \/>\n<meta name=\"twitter:card\" content=\"summary_large_image\" \/>\n<meta name=\"twitter:label1\" content=\"Precio\" \/>\n\t<meta name=\"twitter:data1\" content=\"\u20ac179.00\" \/>\n\t<meta name=\"twitter:label2\" content=\"Disponibilidad\" \/>\n\t<meta name=\"twitter:data2\" content=\"Disponible\" \/>\n<script type=\"application\/ld+json\" class=\"yoast-schema-graph\">{\"@context\":\"https:\\\/\\\/schema.org\",\"@graph\":[{\"@type\":\"WebPage\",\"@id\":\"https:\\\/\\\/catwatches.com\\\/es\\\/product\\\/sin categor\u00eda\\\/negro-copy-copy-copy\\\/\",\"url\":\"https:\\\/\\\/catwatches.com\\\/es\\\/product\\\/sin categor\u00eda\\\/negro-copy-copy-copy\\\/\",\"name\":\"Negro (Copy) (Copy) (Copy) - Cat Watches\",\"isPartOf\":{\"@id\":\"https:\\\/\\\/catwatches.com\\\/#website\"},\"primaryImageOfPage\":{\"@id\":\"https:\\\/\\\/catwatches.com\\\/es\\\/product\\\/sin categor\u00eda\\\/negro-copy-copy-copy\\\/#primaryimage\"},\"image\":{\"@id\":\"https:\\\/\\\/catwatches.com\\\/es\\\/product\\\/sin categor\u00eda\\\/negro-copy-copy-copy\\\/#primaryimage\"},\"thumbnailUrl\":\"https:\\\/\\\/catwatches.com\\\/wp-content\\\/uploads\\\/2025\\\/12\\\/AV.143.11.131.png\",\"datePublished\":\"2025-12-02T15:58:16+00:00\",\"dateModified\":\"2025-12-02T16:23:49+00:00\",\"breadcrumb\":{\"@id\":\"https:\\\/\\\/catwatches.com\\\/es\\\/product\\\/sin categor\u00eda\\\/negro-copy-copy-copy\\\/#breadcrumb\"},\"inLanguage\":\"es\",\"potentialAction\":[{\"@type\":\"ReadAction\",\"target\":[\"https:\\\/\\\/catwatches.com\\\/es\\\/product\\\/sin categor\u00eda\\\/negro-copy-copy-copy\\\/\"]}]},{\"@type\":\"ImageObject\",\"inLanguage\":\"es\",\"@id\":\"https:\\\/\\\/catwatches.com\\\/es\\\/product\\\/sin categor\u00eda\\\/negro-copy-copy-copy\\\/#primaryimage\",\"url\":\"https:\\\/\\\/catwatches.com\\\/wp-content\\\/uploads\\\/2025\\\/12\\\/AV.143.11.131.png\",\"contentUrl\":\"https:\\\/\\\/catwatches.com\\\/wp-content\\\/uploads\\\/2025\\\/12\\\/AV.143.11.131.png\",\"width\":667,\"height\":1121},{\"@type\":\"BreadcrumbList\",\"@id\":\"https:\\\/\\\/catwatches.com\\\/es\\\/product\\\/sin categor\u00eda\\\/negro-copy-copy-copy\\\/#breadcrumb\",\"itemListElement\":[{\"@type\":\"ListItem\",\"position\":1,\"name\":\"Home\",\"item\":\"https:\\\/\\\/catwatches.com\\\/\"},{\"@type\":\"ListItem\",\"position\":2,\"name\":\"Tienda\",\"item\":\"https:\\\/\\\/catwatches.com\\\/es\\\/tienda\\\/\"},{\"@type\":\"ListItem\",\"position\":3,\"name\":\"Negro (Copy) (Copy) (Copy)\"}]},{\"@type\":\"WebSite\",\"@id\":\"https:\\\/\\\/catwatches.com\\\/#website\",\"url\":\"https:\\\/\\\/catwatches.com\\\/\",\"name\":\"Cat Watches\",\"description\":\"\",\"publisher\":{\"@id\":\"https:\\\/\\\/catwatches.com\\\/#organization\"},\"potentialAction\":[{\"@type\":\"SearchAction\",\"target\":{\"@type\":\"EntryPoint\",\"urlTemplate\":\"https:\\\/\\\/catwatches.com\\\/?s={search_term_string}\"},\"query-input\":{\"@type\":\"PropertyValueSpecification\",\"valueRequired\":true,\"valueName\":\"search_term_string\"}}],\"inLanguage\":\"es\"},{\"@type\":\"Organization\",\"@id\":\"https:\\\/\\\/catwatches.com\\\/#organization\",\"name\":\"Cat Watches\",\"url\":\"https:\\\/\\\/catwatches.com\\\/\",\"logo\":{\"@type\":\"ImageObject\",\"inLanguage\":\"es\",\"@id\":\"https:\\\/\\\/catwatches.com\\\/#\\\/schema\\\/logo\\\/image\\\/\",\"url\":\"https:\\\/\\\/catwatches.com\\\/wp-content\\\/uploads\\\/2023\\\/05\\\/CAT_Logo.svg\",\"contentUrl\":\"https:\\\/\\\/catwatches.com\\\/wp-content\\\/uploads\\\/2023\\\/05\\\/CAT_Logo.svg\",\"width\":67.2,\"height\":50,\"caption\":\"Cat Watches\"},\"image\":{\"@id\":\"https:\\\/\\\/catwatches.com\\\/#\\\/schema\\\/logo\\\/image\\\/\"},\"sameAs\":[\"https:\\\/\\\/www.facebook.com\\\/catwatches\\\/\",\"https:\\\/\\\/www.instagram.com\\\/catwatches\\\/\",\"https:\\\/\\\/www.youtube.com\\\/@mycatwatches\"],\"actionableFeedbackPolicy\":\"https:\\\/\\\/catwatches.com\\\/payment-delivery-returns\\\/\"}]}<\/script>\n<meta property=\"product:price:amount\" content=\"179.00\" \/>\n<meta property=\"product:price:currency\" content=\"EUR\" \/>\n<meta property=\"og:availability\" content=\"instock\" \/>\n<meta property=\"product:availability\" content=\"instock\" \/>\n<meta property=\"product:retailer_item_id\" content=\"AV.143.11.131\" \/>\n<meta property=\"product:condition\" content=\"new\" \/>\n<!-- \/ Yoast SEO Premium plugin. -->","yoast_head_json":{"title":"Negro (Copy) (Copy) (Copy) - Cat Watches","robots":{"index":"index","follow":"follow","max-snippet":"max-snippet:-1","max-image-preview":"max-image-preview:large","max-video-preview":"max-video-preview:-1"},"canonical":"https:\/\/catwatches.com\/es\/product\/sin categor\u00eda\/negro-copy-copy-copy\/","og_locale":"es_ES","og_type":"article","og_title":"Negro (Copy) (Copy) (Copy)","og_description":"S\u00f3lo mejora con el tiempo. Una pieza atemporal con un dise\u00f1o llamativo y aspectos t\u00e9cnicos que hacen de este reloj una elecci\u00f3n atractiva. La construcci\u00f3n de triple capa de la esfera proporciona una combinaci\u00f3n sin esfuerzo de masculinidad con elementos de sofisticaci\u00f3n. Todos los colores, desde el acero inoxidable hasta el contempor\u00e1neo oro rosa, ser\u00e1n [&hellip;]","og_url":"https:\/\/catwatches.com\/es\/product\/sin categor\u00eda\/negro-copy-copy-copy\/","og_site_name":"Cat Watches","article_publisher":"https:\/\/www.facebook.com\/catwatches\/","article_modified_time":"2025-12-02T16:23:49+00:00","og_image":[{"width":667,"height":1121,"url":"https:\/\/catwatches.com\/wp-content\/uploads\/2025\/12\/AV.143.11.131.png","type":"image\/png"}],"twitter_card":"summary_large_image","twitter_misc":{"Precio":"\u20ac179.00","Disponibilidad":"Disponible"},"schema":{"@context":"https:\/\/schema.org","@graph":[{"@type":"WebPage","@id":"https:\/\/catwatches.com\/es\/product\/sin categor\u00eda\/negro-copy-copy-copy\/","url":"https:\/\/catwatches.com\/es\/product\/sin categor\u00eda\/negro-copy-copy-copy\/","name":"Negro (Copy) (Copy) (Copy) - Cat Watches","isPartOf":{"@id":"https:\/\/catwatches.com\/#website"},"primaryImageOfPage":{"@id":"https:\/\/catwatches.com\/es\/product\/sin categor\u00eda\/negro-copy-copy-copy\/#primaryimage"},"image":{"@id":"https:\/\/catwatches.com\/es\/product\/sin categor\u00eda\/negro-copy-copy-copy\/#primaryimage"},"thumbnailUrl":"https:\/\/catwatches.com\/wp-content\/uploads\/2025\/12\/AV.143.11.131.png","datePublished":"2025-12-02T15:58:16+00:00","dateModified":"2025-12-02T16:23:49+00:00","breadcrumb":{"@id":"https:\/\/catwatches.com\/es\/product\/sin categor\u00eda\/negro-copy-copy-copy\/#breadcrumb"},"inLanguage":"es","potentialAction":[{"@type":"ReadAction","target":["https:\/\/catwatches.com\/es\/product\/sin categor\u00eda\/negro-copy-copy-copy\/"]}]},{"@type":"ImageObject","inLanguage":"es","@id":"https:\/\/catwatches.com\/es\/product\/sin categor\u00eda\/negro-copy-copy-copy\/#primaryimage","url":"https:\/\/catwatches.com\/wp-content\/uploads\/2025\/12\/AV.143.11.131.png","contentUrl":"https:\/\/catwatches.com\/wp-content\/uploads\/2025\/12\/AV.143.11.131.png","width":667,"height":1121},{"@type":"BreadcrumbList","@id":"https:\/\/catwatches.com\/es\/product\/sin categor\u00eda\/negro-copy-copy-copy\/#breadcrumb","itemListElement":[{"@type":"ListItem","position":1,"name":"Home","item":"https:\/\/catwatches.com\/"},{"@type":"ListItem","position":2,"name":"Tienda","item":"https:\/\/catwatches.com\/es\/tienda\/"},{"@type":"ListItem","position":3,"name":"Negro (Copy) (Copy) (Copy)"}]},{"@type":"WebSite","@id":"https:\/\/catwatches.com\/#website","url":"https:\/\/catwatches.com\/","name":"Cat Watches","description":"","publisher":{"@id":"https:\/\/catwatches.com\/#organization"},"potentialAction":[{"@type":"SearchAction","target":{"@type":"EntryPoint","urlTemplate":"https:\/\/catwatches.com\/?s={search_term_string}"},"query-input":{"@type":"PropertyValueSpecification","valueRequired":true,"valueName":"search_term_string"}}],"inLanguage":"es"},{"@type":"Organization","@id":"https:\/\/catwatches.com\/#organization","name":"Cat Watches","url":"https:\/\/catwatches.com\/","logo":{"@type":"ImageObject","inLanguage":"es","@id":"https:\/\/catwatches.com\/#\/schema\/logo\/image\/","url":"https:\/\/catwatches.com\/wp-content\/uploads\/2023\/05\/CAT_Logo.svg","contentUrl":"https:\/\/catwatches.com\/wp-content\/uploads\/2023\/05\/CAT_Logo.svg","width":67.2,"height":50,"caption":"Cat Watches"},"image":{"@id":"https:\/\/catwatches.com\/#\/schema\/logo\/image\/"},"sameAs":["https:\/\/www.facebook.com\/catwatches\/","https:\/\/www.instagram.com\/catwatches\/","https:\/\/www.youtube.com\/@mycatwatches"],"actionableFeedbackPolicy":"https:\/\/catwatches.com\/payment-delivery-returns\/"}]},"product_price_amount":"179.00","product_price_currency":"EUR","og_availability":"instock","product_availability":"instock","product_retailer_item_id":"AV.143.11.131","product_condition":"new"},"_links":{"self":[{"href":"https:\/\/catwatches.com\/es\/wp-json\/wp\/v2\/product\/23683","targetHints":{"allow":["GET"]}}],"collection":[{"href":"https:\/\/catwatches.com\/es\/wp-json\/wp\/v2\/product"}],"about":[{"href":"https:\/\/catwatches.com\/es\/wp-json\/wp\/v2\/types\/product"}],"replies":[{"embeddable":true,"href":"https:\/\/catwatches.com\/es\/wp-json\/wp\/v2\/comments?post=23683"}],"version-history":[{"count":1,"href":"https:\/\/catwatches.com\/es\/wp-json\/wp\/v2\/product\/23683\/revisions"}],"predecessor-version":[{"id":23694,"href":"https:\/\/catwatches.com\/es\/wp-json\/wp\/v2\/product\/23683\/revisions\/23694"}],"wp:featuredmedia":[{"embeddable":true,"href":"https:\/\/catwatches.com\/es\/wp-json\/wp\/v2\/media\/23685"}],"wp:attachment":[{"href":"https:\/\/catwatches.com\/es\/wp-json\/wp\/v2\/media?parent=23683"}],"wp:term":[{"taxonomy":"product_brand","embeddable":true,"href":"https:\/\/catwatches.com\/es\/wp-json\/wp\/v2\/product_brand?post=23683"},{"taxonomy":"product_cat","embeddable":true,"href":"https:\/\/catwatches.com\/es\/wp-json\/wp\/v2\/product_cat?post=23683"},{"taxonomy":"product_tag","embeddable":true,"href":"https:\/\/catwatches.com\/es\/wp-json\/wp\/v2\/product_tag?post=23683"}],"curies":[{"name":"wp","href":"https:\/\/api.w.org\/{rel}","templated":true}]}}