{"id":21237,"date":"2024-07-25T12:30:41","date_gmt":"2024-07-25T12:30:41","guid":{"rendered":"https:\/\/catwatches.com\/?post_type=product&#038;p=21237"},"modified":"2024-09-16T13:23:20","modified_gmt":"2024-09-16T13:23:20","slug":"azul-amarillo-copy","status":"publish","type":"product","link":"https:\/\/catwatches.com\/es\/product\/big-twist-24-crono\/azul-amarillo-copy\/","title":{"rendered":"Negro Rojo"},"content":{"rendered":"<p>El reloj \u00abBig Twist 24 Chrono\u00bb mejora el aspecto cl\u00e1sico con una funci\u00f3n de cron\u00f3grafo para un cronometraje preciso. Disponible en los colores ic\u00f3nicos de Cat, viene con un brazalete de acero inoxidable o una correa de nailon a rayas. Resistente al agua hasta 100 m, est\u00e1 dise\u00f1ado para ofrecer estilo y rendimiento.<\/p>\n","protected":false},"excerpt":{"rendered":"<p>El reloj \u00abBig Twist 24 Chrono\u00bb mejora el aspecto cl\u00e1sico con una funci\u00f3n de cron\u00f3grafo para un cronometraje preciso. Disponible en los colores ic\u00f3nicos de Cat, viene con un brazalete de acero inoxidable o una correa de nailon a rayas. Resistente al agua hasta 100 m, est\u00e1 dise\u00f1ado para ofrecer estilo y rendimiento.<\/p>\n","protected":false},"featured_media":21239,"comment_status":"open","ping_status":"closed","template":"","meta":{"_acf_changed":false},"product_brand":[],"product_cat":[1017],"product_tag":[],"class_list":{"0":"post-21237","1":"product","2":"type-product","3":"status-publish","4":"has-post-thumbnail","6":"product_cat-big-twist-24-crono","7":"pa_color-azul","8":"pa_color-rojo","9":"pa_features-cronografo","10":"pa_features-multi-dial-es","11":"pa_gender-hombre","13":"first","14":"outofstock","15":"shipping-taxable","16":"purchasable","17":"product-type-simple"},"acf":[],"yoast_head":"<!-- This site is optimized with the Yoast SEO Premium plugin v27.3 (Yoast SEO v27.3) - https:\/\/yoast.com\/product\/yoast-seo-premium-wordpress\/ -->\n<title>Negro Rojo - Cat Watches<\/title>\n<meta name=\"robots\" content=\"index, follow, max-snippet:-1, max-image-preview:large, max-video-preview:-1\" \/>\n<link rel=\"canonical\" href=\"https:\/\/catwatches.com\/es\/product\/big-twist-24-crono\/azul-amarillo-copy\/\" \/>\n<meta property=\"og:locale\" content=\"es_ES\" \/>\n<meta property=\"og:type\" content=\"article\" \/>\n<meta property=\"og:title\" content=\"Negro Rojo\" \/>\n<meta property=\"og:description\" content=\"El reloj \u00abBig Twist 24 Chrono\u00bb mejora el aspecto cl\u00e1sico con una funci\u00f3n de cron\u00f3grafo para un cronometraje preciso. Disponible en los colores ic\u00f3nicos de Cat, viene con un brazalete de acero inoxidable o una correa de nailon a rayas. Resistente al agua hasta 100 m, est\u00e1 dise\u00f1ado para ofrecer estilo y rendimiento.\" \/>\n<meta property=\"og:url\" content=\"https:\/\/catwatches.com\/es\/product\/big-twist-24-crono\/azul-amarillo-copy\/\" \/>\n<meta property=\"og:site_name\" content=\"Cat Watches\" \/>\n<meta property=\"article:publisher\" content=\"https:\/\/www.facebook.com\/catwatches\/\" \/>\n<meta property=\"article:modified_time\" content=\"2024-09-16T13:23:20+00:00\" \/>\n<meta property=\"og:image\" content=\"https:\/\/catwatches.com\/wp-content\/uploads\/2024\/07\/YW.143.11.138_main.png\" \/>\n\t<meta property=\"og:image:width\" content=\"757\" \/>\n\t<meta property=\"og:image:height\" content=\"1123\" \/>\n\t<meta property=\"og:image:type\" content=\"image\/png\" \/>\n<meta name=\"twitter:card\" content=\"summary_large_image\" \/>\n<meta name=\"twitter:label1\" content=\"Precio\" \/>\n\t<meta name=\"twitter:data1\" content=\"\u20ac159.00\" \/>\n\t<meta name=\"twitter:label2\" content=\"Disponibilidad\" \/>\n\t<meta name=\"twitter:data2\" content=\"Sin existencias\" \/>\n<script type=\"application\/ld+json\" class=\"yoast-schema-graph\">{\"@context\":\"https:\\\/\\\/schema.org\",\"@graph\":[{\"@type\":\"WebPage\",\"@id\":\"https:\\\/\\\/catwatches.com\\\/es\\\/product\\\/big-twist-24-crono\\\/azul-amarillo-copy\\\/\",\"url\":\"https:\\\/\\\/catwatches.com\\\/es\\\/product\\\/big-twist-24-crono\\\/azul-amarillo-copy\\\/\",\"name\":\"Negro Rojo - Cat Watches\",\"isPartOf\":{\"@id\":\"https:\\\/\\\/catwatches.com\\\/#website\"},\"primaryImageOfPage\":{\"@id\":\"https:\\\/\\\/catwatches.com\\\/es\\\/product\\\/big-twist-24-crono\\\/azul-amarillo-copy\\\/#primaryimage\"},\"image\":{\"@id\":\"https:\\\/\\\/catwatches.com\\\/es\\\/product\\\/big-twist-24-crono\\\/azul-amarillo-copy\\\/#primaryimage\"},\"thumbnailUrl\":\"https:\\\/\\\/catwatches.com\\\/wp-content\\\/uploads\\\/2024\\\/07\\\/YW.143.11.138_main.png\",\"datePublished\":\"2024-07-25T12:30:41+00:00\",\"dateModified\":\"2024-09-16T13:23:20+00:00\",\"breadcrumb\":{\"@id\":\"https:\\\/\\\/catwatches.com\\\/es\\\/product\\\/big-twist-24-crono\\\/azul-amarillo-copy\\\/#breadcrumb\"},\"inLanguage\":\"es\",\"potentialAction\":[{\"@type\":\"ReadAction\",\"target\":[\"https:\\\/\\\/catwatches.com\\\/es\\\/product\\\/big-twist-24-crono\\\/azul-amarillo-copy\\\/\"]}]},{\"@type\":\"ImageObject\",\"inLanguage\":\"es\",\"@id\":\"https:\\\/\\\/catwatches.com\\\/es\\\/product\\\/big-twist-24-crono\\\/azul-amarillo-copy\\\/#primaryimage\",\"url\":\"https:\\\/\\\/catwatches.com\\\/wp-content\\\/uploads\\\/2024\\\/07\\\/YW.143.11.138_main.png\",\"contentUrl\":\"https:\\\/\\\/catwatches.com\\\/wp-content\\\/uploads\\\/2024\\\/07\\\/YW.143.11.138_main.png\",\"width\":757,\"height\":1123},{\"@type\":\"BreadcrumbList\",\"@id\":\"https:\\\/\\\/catwatches.com\\\/es\\\/product\\\/big-twist-24-crono\\\/azul-amarillo-copy\\\/#breadcrumb\",\"itemListElement\":[{\"@type\":\"ListItem\",\"position\":1,\"name\":\"Home\",\"item\":\"https:\\\/\\\/catwatches.com\\\/\"},{\"@type\":\"ListItem\",\"position\":2,\"name\":\"Tienda\",\"item\":\"https:\\\/\\\/catwatches.com\\\/es\\\/tienda\\\/\"},{\"@type\":\"ListItem\",\"position\":3,\"name\":\"Negro Rojo\"}]},{\"@type\":\"WebSite\",\"@id\":\"https:\\\/\\\/catwatches.com\\\/#website\",\"url\":\"https:\\\/\\\/catwatches.com\\\/\",\"name\":\"Cat Watches\",\"description\":\"\",\"publisher\":{\"@id\":\"https:\\\/\\\/catwatches.com\\\/#organization\"},\"potentialAction\":[{\"@type\":\"SearchAction\",\"target\":{\"@type\":\"EntryPoint\",\"urlTemplate\":\"https:\\\/\\\/catwatches.com\\\/?s={search_term_string}\"},\"query-input\":{\"@type\":\"PropertyValueSpecification\",\"valueRequired\":true,\"valueName\":\"search_term_string\"}}],\"inLanguage\":\"es\"},{\"@type\":\"Organization\",\"@id\":\"https:\\\/\\\/catwatches.com\\\/#organization\",\"name\":\"Cat Watches\",\"url\":\"https:\\\/\\\/catwatches.com\\\/\",\"logo\":{\"@type\":\"ImageObject\",\"inLanguage\":\"es\",\"@id\":\"https:\\\/\\\/catwatches.com\\\/#\\\/schema\\\/logo\\\/image\\\/\",\"url\":\"https:\\\/\\\/catwatches.com\\\/wp-content\\\/uploads\\\/2023\\\/05\\\/CAT_Logo.svg\",\"contentUrl\":\"https:\\\/\\\/catwatches.com\\\/wp-content\\\/uploads\\\/2023\\\/05\\\/CAT_Logo.svg\",\"width\":67.2,\"height\":50,\"caption\":\"Cat Watches\"},\"image\":{\"@id\":\"https:\\\/\\\/catwatches.com\\\/#\\\/schema\\\/logo\\\/image\\\/\"},\"sameAs\":[\"https:\\\/\\\/www.facebook.com\\\/catwatches\\\/\",\"https:\\\/\\\/www.instagram.com\\\/catwatches\\\/\",\"https:\\\/\\\/www.youtube.com\\\/@mycatwatches\"],\"actionableFeedbackPolicy\":\"https:\\\/\\\/catwatches.com\\\/payment-delivery-returns\\\/\"}]}<\/script>\n<meta property=\"product:brand\" content=\"BIG TWIST 24 crono\" \/>\n<meta property=\"product:price:amount\" content=\"159.00\" \/>\n<meta property=\"product:price:currency\" content=\"EUR\" \/>\n<meta property=\"og:availability\" content=\"out of stock\" \/>\n<meta property=\"product:availability\" content=\"out of stock\" \/>\n<meta property=\"product:retailer_item_id\" content=\"YW.143.11.138\" \/>\n<meta property=\"product:condition\" content=\"new\" \/>\n<!-- \/ Yoast SEO Premium plugin. -->","yoast_head_json":{"title":"Negro Rojo - Cat Watches","robots":{"index":"index","follow":"follow","max-snippet":"max-snippet:-1","max-image-preview":"max-image-preview:large","max-video-preview":"max-video-preview:-1"},"canonical":"https:\/\/catwatches.com\/es\/product\/big-twist-24-crono\/azul-amarillo-copy\/","og_locale":"es_ES","og_type":"article","og_title":"Negro Rojo","og_description":"El reloj \u00abBig Twist 24 Chrono\u00bb mejora el aspecto cl\u00e1sico con una funci\u00f3n de cron\u00f3grafo para un cronometraje preciso. Disponible en los colores ic\u00f3nicos de Cat, viene con un brazalete de acero inoxidable o una correa de nailon a rayas. Resistente al agua hasta 100 m, est\u00e1 dise\u00f1ado para ofrecer estilo y rendimiento.","og_url":"https:\/\/catwatches.com\/es\/product\/big-twist-24-crono\/azul-amarillo-copy\/","og_site_name":"Cat Watches","article_publisher":"https:\/\/www.facebook.com\/catwatches\/","article_modified_time":"2024-09-16T13:23:20+00:00","og_image":[{"width":757,"height":1123,"url":"https:\/\/catwatches.com\/wp-content\/uploads\/2024\/07\/YW.143.11.138_main.png","type":"image\/png"}],"twitter_card":"summary_large_image","twitter_misc":{"Precio":"\u20ac159.00","Disponibilidad":"Sin existencias"},"schema":{"@context":"https:\/\/schema.org","@graph":[{"@type":"WebPage","@id":"https:\/\/catwatches.com\/es\/product\/big-twist-24-crono\/azul-amarillo-copy\/","url":"https:\/\/catwatches.com\/es\/product\/big-twist-24-crono\/azul-amarillo-copy\/","name":"Negro Rojo - Cat Watches","isPartOf":{"@id":"https:\/\/catwatches.com\/#website"},"primaryImageOfPage":{"@id":"https:\/\/catwatches.com\/es\/product\/big-twist-24-crono\/azul-amarillo-copy\/#primaryimage"},"image":{"@id":"https:\/\/catwatches.com\/es\/product\/big-twist-24-crono\/azul-amarillo-copy\/#primaryimage"},"thumbnailUrl":"https:\/\/catwatches.com\/wp-content\/uploads\/2024\/07\/YW.143.11.138_main.png","datePublished":"2024-07-25T12:30:41+00:00","dateModified":"2024-09-16T13:23:20+00:00","breadcrumb":{"@id":"https:\/\/catwatches.com\/es\/product\/big-twist-24-crono\/azul-amarillo-copy\/#breadcrumb"},"inLanguage":"es","potentialAction":[{"@type":"ReadAction","target":["https:\/\/catwatches.com\/es\/product\/big-twist-24-crono\/azul-amarillo-copy\/"]}]},{"@type":"ImageObject","inLanguage":"es","@id":"https:\/\/catwatches.com\/es\/product\/big-twist-24-crono\/azul-amarillo-copy\/#primaryimage","url":"https:\/\/catwatches.com\/wp-content\/uploads\/2024\/07\/YW.143.11.138_main.png","contentUrl":"https:\/\/catwatches.com\/wp-content\/uploads\/2024\/07\/YW.143.11.138_main.png","width":757,"height":1123},{"@type":"BreadcrumbList","@id":"https:\/\/catwatches.com\/es\/product\/big-twist-24-crono\/azul-amarillo-copy\/#breadcrumb","itemListElement":[{"@type":"ListItem","position":1,"name":"Home","item":"https:\/\/catwatches.com\/"},{"@type":"ListItem","position":2,"name":"Tienda","item":"https:\/\/catwatches.com\/es\/tienda\/"},{"@type":"ListItem","position":3,"name":"Negro Rojo"}]},{"@type":"WebSite","@id":"https:\/\/catwatches.com\/#website","url":"https:\/\/catwatches.com\/","name":"Cat Watches","description":"","publisher":{"@id":"https:\/\/catwatches.com\/#organization"},"potentialAction":[{"@type":"SearchAction","target":{"@type":"EntryPoint","urlTemplate":"https:\/\/catwatches.com\/?s={search_term_string}"},"query-input":{"@type":"PropertyValueSpecification","valueRequired":true,"valueName":"search_term_string"}}],"inLanguage":"es"},{"@type":"Organization","@id":"https:\/\/catwatches.com\/#organization","name":"Cat Watches","url":"https:\/\/catwatches.com\/","logo":{"@type":"ImageObject","inLanguage":"es","@id":"https:\/\/catwatches.com\/#\/schema\/logo\/image\/","url":"https:\/\/catwatches.com\/wp-content\/uploads\/2023\/05\/CAT_Logo.svg","contentUrl":"https:\/\/catwatches.com\/wp-content\/uploads\/2023\/05\/CAT_Logo.svg","width":67.2,"height":50,"caption":"Cat Watches"},"image":{"@id":"https:\/\/catwatches.com\/#\/schema\/logo\/image\/"},"sameAs":["https:\/\/www.facebook.com\/catwatches\/","https:\/\/www.instagram.com\/catwatches\/","https:\/\/www.youtube.com\/@mycatwatches"],"actionableFeedbackPolicy":"https:\/\/catwatches.com\/payment-delivery-returns\/"}]},"product_brand":"BIG TWIST 24 crono","product_price_amount":"159.00","product_price_currency":"EUR","og_availability":"out of stock","product_availability":"out of stock","product_retailer_item_id":"YW.143.11.138","product_condition":"new"},"_links":{"self":[{"href":"https:\/\/catwatches.com\/es\/wp-json\/wp\/v2\/product\/21237","targetHints":{"allow":["GET"]}}],"collection":[{"href":"https:\/\/catwatches.com\/es\/wp-json\/wp\/v2\/product"}],"about":[{"href":"https:\/\/catwatches.com\/es\/wp-json\/wp\/v2\/types\/product"}],"replies":[{"embeddable":true,"href":"https:\/\/catwatches.com\/es\/wp-json\/wp\/v2\/comments?post=21237"}],"version-history":[{"count":3,"href":"https:\/\/catwatches.com\/es\/wp-json\/wp\/v2\/product\/21237\/revisions"}],"predecessor-version":[{"id":22404,"href":"https:\/\/catwatches.com\/es\/wp-json\/wp\/v2\/product\/21237\/revisions\/22404"}],"wp:featuredmedia":[{"embeddable":true,"href":"https:\/\/catwatches.com\/es\/wp-json\/wp\/v2\/media\/21239"}],"wp:attachment":[{"href":"https:\/\/catwatches.com\/es\/wp-json\/wp\/v2\/media?parent=21237"}],"wp:term":[{"taxonomy":"product_brand","embeddable":true,"href":"https:\/\/catwatches.com\/es\/wp-json\/wp\/v2\/product_brand?post=21237"},{"taxonomy":"product_cat","embeddable":true,"href":"https:\/\/catwatches.com\/es\/wp-json\/wp\/v2\/product_cat?post=21237"},{"taxonomy":"product_tag","embeddable":true,"href":"https:\/\/catwatches.com\/es\/wp-json\/wp\/v2\/product_tag?post=21237"}],"curies":[{"name":"wp","href":"https:\/\/api.w.org\/{rel}","templated":true}]}}