{"id":20831,"date":"2024-06-25T09:23:06","date_gmt":"2024-06-25T09:23:06","guid":{"rendered":"https:\/\/catwatches.com\/?post_type=product&#038;p=20831"},"modified":"2024-08-19T11:42:55","modified_gmt":"2024-08-19T11:42:55","slug":"colgante-de-granito-ss-copy","status":"publish","type":"product","link":"https:\/\/catwatches.com\/es\/product\/joyeria\/colgante-de-granito-ss-copy\/","title":{"rendered":"Colgante Granito Negro"},"content":{"rendered":"<h3>  Colgante y cadena de granito  <\/h3>\n<p>  La cadena para el cuello de acero inoxidable IP negro tiene un colgante de acero inoxidable cepillado con un sutil logotipo de Gato en relieve. La cadena que lo acompa\u00f1a est\u00e1 equipada con un vers\u00e1til clip tipo llavero, que te permite ajustar f\u00e1cilmente el estilo y la longitud del collar. Este innovador dise\u00f1o garantiza tanto la comodidad como un ajuste personalizado, lo que lo convierte en el accesorio perfecto para cualquier ocasi\u00f3n.  <\/p>\n","protected":false},"excerpt":{"rendered":"<p>Colgante y cadena de granito La cadena para el cuello de acero inoxidable IP negro tiene un colgante de acero inoxidable cepillado con un sutil logotipo de Gato en relieve. La cadena que lo acompa\u00f1a est\u00e1 equipada con un vers\u00e1til clip tipo llavero, que te permite ajustar f\u00e1cilmente el estilo y la longitud del collar. [&hellip;]<\/p>\n","protected":false},"featured_media":20681,"comment_status":"open","ping_status":"closed","template":"","meta":{"_acf_changed":false},"product_brand":[],"product_cat":[971],"product_tag":[],"class_list":{"0":"post-20831","1":"product","2":"type-product","3":"status-publish","4":"has-post-thumbnail","6":"product_cat-joyeria","7":"pa_color-negro","8":"pa_features-colgante-y-cadena","9":"pa_gender-hombre","11":"first","12":"instock","13":"shipping-taxable","14":"purchasable","15":"product-type-simple"},"acf":[],"yoast_head":"<!-- This site is optimized with the Yoast SEO Premium plugin v27.3 (Yoast SEO v27.3) - https:\/\/yoast.com\/product\/yoast-seo-premium-wordpress\/ -->\n<title>Colgante Granito Negro - Cat Watches<\/title>\n<meta name=\"robots\" content=\"index, follow, max-snippet:-1, max-image-preview:large, max-video-preview:-1\" \/>\n<link rel=\"canonical\" href=\"https:\/\/catwatches.com\/es\/product\/joyeria\/colgante-de-granito-ss-copy\/\" \/>\n<meta property=\"og:locale\" content=\"es_ES\" \/>\n<meta property=\"og:type\" content=\"article\" \/>\n<meta property=\"og:title\" content=\"Colgante Granito Negro\" \/>\n<meta property=\"og:description\" content=\"Colgante y cadena de granito La cadena para el cuello de acero inoxidable IP negro tiene un colgante de acero inoxidable cepillado con un sutil logotipo de Gato en relieve. La cadena que lo acompa\u00f1a est\u00e1 equipada con un vers\u00e1til clip tipo llavero, que te permite ajustar f\u00e1cilmente el estilo y la longitud del collar. [&hellip;]\" \/>\n<meta property=\"og:url\" content=\"https:\/\/catwatches.com\/es\/product\/joyeria\/colgante-de-granito-ss-copy\/\" \/>\n<meta property=\"og:site_name\" content=\"Cat Watches\" \/>\n<meta property=\"article:publisher\" content=\"https:\/\/www.facebook.com\/catwatches\/\" \/>\n<meta property=\"article:modified_time\" content=\"2024-08-19T11:42:55+00:00\" \/>\n<meta property=\"og:image\" content=\"https:\/\/catwatches.com\/wp-content\/uploads\/2024\/06\/J019N00111_1.png\" \/>\n\t<meta property=\"og:image:width\" content=\"590\" \/>\n\t<meta property=\"og:image:height\" content=\"780\" \/>\n\t<meta property=\"og:image:type\" content=\"image\/png\" \/>\n<meta name=\"twitter:card\" content=\"summary_large_image\" \/>\n<meta name=\"twitter:label1\" content=\"Precio\" \/>\n\t<meta name=\"twitter:data1\" content=\"\u20ac69.00\" \/>\n\t<meta name=\"twitter:label2\" content=\"Disponibilidad\" \/>\n\t<meta name=\"twitter:data2\" content=\"Disponible\" \/>\n<script type=\"application\/ld+json\" class=\"yoast-schema-graph\">{\"@context\":\"https:\\\/\\\/schema.org\",\"@graph\":[{\"@type\":\"WebPage\",\"@id\":\"https:\\\/\\\/catwatches.com\\\/es\\\/product\\\/joyeria\\\/colgante-de-granito-ss-copy\\\/\",\"url\":\"https:\\\/\\\/catwatches.com\\\/es\\\/product\\\/joyeria\\\/colgante-de-granito-ss-copy\\\/\",\"name\":\"Colgante Granito Negro - Cat Watches\",\"isPartOf\":{\"@id\":\"https:\\\/\\\/catwatches.com\\\/#website\"},\"primaryImageOfPage\":{\"@id\":\"https:\\\/\\\/catwatches.com\\\/es\\\/product\\\/joyeria\\\/colgante-de-granito-ss-copy\\\/#primaryimage\"},\"image\":{\"@id\":\"https:\\\/\\\/catwatches.com\\\/es\\\/product\\\/joyeria\\\/colgante-de-granito-ss-copy\\\/#primaryimage\"},\"thumbnailUrl\":\"https:\\\/\\\/catwatches.com\\\/wp-content\\\/uploads\\\/2024\\\/06\\\/J019N00111_1.png\",\"datePublished\":\"2024-06-25T09:23:06+00:00\",\"dateModified\":\"2024-08-19T11:42:55+00:00\",\"breadcrumb\":{\"@id\":\"https:\\\/\\\/catwatches.com\\\/es\\\/product\\\/joyeria\\\/colgante-de-granito-ss-copy\\\/#breadcrumb\"},\"inLanguage\":\"es\",\"potentialAction\":[{\"@type\":\"ReadAction\",\"target\":[\"https:\\\/\\\/catwatches.com\\\/es\\\/product\\\/joyeria\\\/colgante-de-granito-ss-copy\\\/\"]}]},{\"@type\":\"ImageObject\",\"inLanguage\":\"es\",\"@id\":\"https:\\\/\\\/catwatches.com\\\/es\\\/product\\\/joyeria\\\/colgante-de-granito-ss-copy\\\/#primaryimage\",\"url\":\"https:\\\/\\\/catwatches.com\\\/wp-content\\\/uploads\\\/2024\\\/06\\\/J019N00111_1.png\",\"contentUrl\":\"https:\\\/\\\/catwatches.com\\\/wp-content\\\/uploads\\\/2024\\\/06\\\/J019N00111_1.png\",\"width\":590,\"height\":780},{\"@type\":\"BreadcrumbList\",\"@id\":\"https:\\\/\\\/catwatches.com\\\/es\\\/product\\\/joyeria\\\/colgante-de-granito-ss-copy\\\/#breadcrumb\",\"itemListElement\":[{\"@type\":\"ListItem\",\"position\":1,\"name\":\"Home\",\"item\":\"https:\\\/\\\/catwatches.com\\\/\"},{\"@type\":\"ListItem\",\"position\":2,\"name\":\"Tienda\",\"item\":\"https:\\\/\\\/catwatches.com\\\/es\\\/tienda\\\/\"},{\"@type\":\"ListItem\",\"position\":3,\"name\":\"Colgante Granito Negro\"}]},{\"@type\":\"WebSite\",\"@id\":\"https:\\\/\\\/catwatches.com\\\/#website\",\"url\":\"https:\\\/\\\/catwatches.com\\\/\",\"name\":\"Cat Watches\",\"description\":\"\",\"publisher\":{\"@id\":\"https:\\\/\\\/catwatches.com\\\/#organization\"},\"potentialAction\":[{\"@type\":\"SearchAction\",\"target\":{\"@type\":\"EntryPoint\",\"urlTemplate\":\"https:\\\/\\\/catwatches.com\\\/?s={search_term_string}\"},\"query-input\":{\"@type\":\"PropertyValueSpecification\",\"valueRequired\":true,\"valueName\":\"search_term_string\"}}],\"inLanguage\":\"es\"},{\"@type\":\"Organization\",\"@id\":\"https:\\\/\\\/catwatches.com\\\/#organization\",\"name\":\"Cat Watches\",\"url\":\"https:\\\/\\\/catwatches.com\\\/\",\"logo\":{\"@type\":\"ImageObject\",\"inLanguage\":\"es\",\"@id\":\"https:\\\/\\\/catwatches.com\\\/#\\\/schema\\\/logo\\\/image\\\/\",\"url\":\"https:\\\/\\\/catwatches.com\\\/wp-content\\\/uploads\\\/2023\\\/05\\\/CAT_Logo.svg\",\"contentUrl\":\"https:\\\/\\\/catwatches.com\\\/wp-content\\\/uploads\\\/2023\\\/05\\\/CAT_Logo.svg\",\"width\":67.2,\"height\":50,\"caption\":\"Cat Watches\"},\"image\":{\"@id\":\"https:\\\/\\\/catwatches.com\\\/#\\\/schema\\\/logo\\\/image\\\/\"},\"sameAs\":[\"https:\\\/\\\/www.facebook.com\\\/catwatches\\\/\",\"https:\\\/\\\/www.instagram.com\\\/catwatches\\\/\",\"https:\\\/\\\/www.youtube.com\\\/@mycatwatches\"],\"actionableFeedbackPolicy\":\"https:\\\/\\\/catwatches.com\\\/payment-delivery-returns\\\/\"}]}<\/script>\n<meta property=\"product:brand\" content=\"Joyer\u00eda\" \/>\n<meta property=\"product:price:amount\" content=\"69.00\" \/>\n<meta property=\"product:price:currency\" content=\"EUR\" \/>\n<meta property=\"og:availability\" content=\"instock\" \/>\n<meta property=\"product:availability\" content=\"instock\" \/>\n<meta property=\"product:retailer_item_id\" content=\"J019N00111\" \/>\n<meta property=\"product:condition\" content=\"new\" \/>\n<!-- \/ Yoast SEO Premium plugin. -->","yoast_head_json":{"title":"Colgante Granito Negro - Cat Watches","robots":{"index":"index","follow":"follow","max-snippet":"max-snippet:-1","max-image-preview":"max-image-preview:large","max-video-preview":"max-video-preview:-1"},"canonical":"https:\/\/catwatches.com\/es\/product\/joyeria\/colgante-de-granito-ss-copy\/","og_locale":"es_ES","og_type":"article","og_title":"Colgante Granito Negro","og_description":"Colgante y cadena de granito La cadena para el cuello de acero inoxidable IP negro tiene un colgante de acero inoxidable cepillado con un sutil logotipo de Gato en relieve. La cadena que lo acompa\u00f1a est\u00e1 equipada con un vers\u00e1til clip tipo llavero, que te permite ajustar f\u00e1cilmente el estilo y la longitud del collar. [&hellip;]","og_url":"https:\/\/catwatches.com\/es\/product\/joyeria\/colgante-de-granito-ss-copy\/","og_site_name":"Cat Watches","article_publisher":"https:\/\/www.facebook.com\/catwatches\/","article_modified_time":"2024-08-19T11:42:55+00:00","og_image":[{"width":590,"height":780,"url":"https:\/\/catwatches.com\/wp-content\/uploads\/2024\/06\/J019N00111_1.png","type":"image\/png"}],"twitter_card":"summary_large_image","twitter_misc":{"Precio":"\u20ac69.00","Disponibilidad":"Disponible"},"schema":{"@context":"https:\/\/schema.org","@graph":[{"@type":"WebPage","@id":"https:\/\/catwatches.com\/es\/product\/joyeria\/colgante-de-granito-ss-copy\/","url":"https:\/\/catwatches.com\/es\/product\/joyeria\/colgante-de-granito-ss-copy\/","name":"Colgante Granito Negro - Cat Watches","isPartOf":{"@id":"https:\/\/catwatches.com\/#website"},"primaryImageOfPage":{"@id":"https:\/\/catwatches.com\/es\/product\/joyeria\/colgante-de-granito-ss-copy\/#primaryimage"},"image":{"@id":"https:\/\/catwatches.com\/es\/product\/joyeria\/colgante-de-granito-ss-copy\/#primaryimage"},"thumbnailUrl":"https:\/\/catwatches.com\/wp-content\/uploads\/2024\/06\/J019N00111_1.png","datePublished":"2024-06-25T09:23:06+00:00","dateModified":"2024-08-19T11:42:55+00:00","breadcrumb":{"@id":"https:\/\/catwatches.com\/es\/product\/joyeria\/colgante-de-granito-ss-copy\/#breadcrumb"},"inLanguage":"es","potentialAction":[{"@type":"ReadAction","target":["https:\/\/catwatches.com\/es\/product\/joyeria\/colgante-de-granito-ss-copy\/"]}]},{"@type":"ImageObject","inLanguage":"es","@id":"https:\/\/catwatches.com\/es\/product\/joyeria\/colgante-de-granito-ss-copy\/#primaryimage","url":"https:\/\/catwatches.com\/wp-content\/uploads\/2024\/06\/J019N00111_1.png","contentUrl":"https:\/\/catwatches.com\/wp-content\/uploads\/2024\/06\/J019N00111_1.png","width":590,"height":780},{"@type":"BreadcrumbList","@id":"https:\/\/catwatches.com\/es\/product\/joyeria\/colgante-de-granito-ss-copy\/#breadcrumb","itemListElement":[{"@type":"ListItem","position":1,"name":"Home","item":"https:\/\/catwatches.com\/"},{"@type":"ListItem","position":2,"name":"Tienda","item":"https:\/\/catwatches.com\/es\/tienda\/"},{"@type":"ListItem","position":3,"name":"Colgante Granito Negro"}]},{"@type":"WebSite","@id":"https:\/\/catwatches.com\/#website","url":"https:\/\/catwatches.com\/","name":"Cat Watches","description":"","publisher":{"@id":"https:\/\/catwatches.com\/#organization"},"potentialAction":[{"@type":"SearchAction","target":{"@type":"EntryPoint","urlTemplate":"https:\/\/catwatches.com\/?s={search_term_string}"},"query-input":{"@type":"PropertyValueSpecification","valueRequired":true,"valueName":"search_term_string"}}],"inLanguage":"es"},{"@type":"Organization","@id":"https:\/\/catwatches.com\/#organization","name":"Cat Watches","url":"https:\/\/catwatches.com\/","logo":{"@type":"ImageObject","inLanguage":"es","@id":"https:\/\/catwatches.com\/#\/schema\/logo\/image\/","url":"https:\/\/catwatches.com\/wp-content\/uploads\/2023\/05\/CAT_Logo.svg","contentUrl":"https:\/\/catwatches.com\/wp-content\/uploads\/2023\/05\/CAT_Logo.svg","width":67.2,"height":50,"caption":"Cat Watches"},"image":{"@id":"https:\/\/catwatches.com\/#\/schema\/logo\/image\/"},"sameAs":["https:\/\/www.facebook.com\/catwatches\/","https:\/\/www.instagram.com\/catwatches\/","https:\/\/www.youtube.com\/@mycatwatches"],"actionableFeedbackPolicy":"https:\/\/catwatches.com\/payment-delivery-returns\/"}]},"product_brand":"Joyer\u00eda","product_price_amount":"69.00","product_price_currency":"EUR","og_availability":"instock","product_availability":"instock","product_retailer_item_id":"J019N00111","product_condition":"new"},"_links":{"self":[{"href":"https:\/\/catwatches.com\/es\/wp-json\/wp\/v2\/product\/20831","targetHints":{"allow":["GET"]}}],"collection":[{"href":"https:\/\/catwatches.com\/es\/wp-json\/wp\/v2\/product"}],"about":[{"href":"https:\/\/catwatches.com\/es\/wp-json\/wp\/v2\/types\/product"}],"replies":[{"embeddable":true,"href":"https:\/\/catwatches.com\/es\/wp-json\/wp\/v2\/comments?post=20831"}],"version-history":[{"count":4,"href":"https:\/\/catwatches.com\/es\/wp-json\/wp\/v2\/product\/20831\/revisions"}],"predecessor-version":[{"id":22189,"href":"https:\/\/catwatches.com\/es\/wp-json\/wp\/v2\/product\/20831\/revisions\/22189"}],"wp:featuredmedia":[{"embeddable":true,"href":"https:\/\/catwatches.com\/es\/wp-json\/wp\/v2\/media\/20681"}],"wp:attachment":[{"href":"https:\/\/catwatches.com\/es\/wp-json\/wp\/v2\/media?parent=20831"}],"wp:term":[{"taxonomy":"product_brand","embeddable":true,"href":"https:\/\/catwatches.com\/es\/wp-json\/wp\/v2\/product_brand?post=20831"},{"taxonomy":"product_cat","embeddable":true,"href":"https:\/\/catwatches.com\/es\/wp-json\/wp\/v2\/product_cat?post=20831"},{"taxonomy":"product_tag","embeddable":true,"href":"https:\/\/catwatches.com\/es\/wp-json\/wp\/v2\/product_tag?post=20831"}],"curies":[{"name":"wp","href":"https:\/\/api.w.org\/{rel}","templated":true}]}}