{"id":15104,"date":"2022-10-30T14:20:06","date_gmt":"2022-10-30T14:20:06","guid":{"rendered":"https:\/\/catwatches.com\/product\/negro-amarillo-9\/"},"modified":"2024-07-30T12:14:52","modified_gmt":"2024-07-30T12:14:52","slug":"negro-amarillo-9","status":"publish","type":"product","link":"https:\/\/catwatches.com\/es\/product\/cuchilla-de-carbono\/negro-amarillo-9\/","title":{"rendered":"Negro Amarillo"},"content":{"rendered":"<h3>Dise\u00f1o industrial<\/h3>\n<p>  Con s\u00f3lo 11,5 mm de grosor, el reloj Carbon Blade ofrece la misma protecci\u00f3n de la caja de acero inoxidable, pero de una forma m\u00e1s fina, minimalista y f\u00e1cil de llevar a diario. Si quieres estabilidad y estilo, esto es para ti.<\/p>\n","protected":false},"excerpt":{"rendered":"<p>Dise\u00f1o industrial Con s\u00f3lo 11,5 mm de grosor, el reloj Carbon Blade ofrece la misma protecci\u00f3n de la caja de acero inoxidable, pero de una forma m\u00e1s fina, minimalista y f\u00e1cil de llevar a diario. Si quieres estabilidad y estilo, esto es para ti.<\/p>\n","protected":false},"featured_media":14663,"comment_status":"open","ping_status":"closed","template":"","meta":{"_acf_changed":false},"product_brand":[],"product_cat":[873],"product_tag":[],"class_list":{"0":"post-15104","1":"product","2":"type-product","3":"status-publish","4":"has-post-thumbnail","6":"product_cat-cuchilla-de-carbono","7":"pa_color-negro","8":"pa_features-multi-dial-es","9":"pa_gender-hombre","11":"first","12":"outofstock","13":"sale","14":"shipping-taxable","15":"purchasable","16":"product-type-simple"},"acf":[],"yoast_head":"<!-- This site is optimized with the Yoast SEO Premium plugin v27.4 (Yoast SEO v27.4) - https:\/\/yoast.com\/product\/yoast-seo-premium-wordpress\/ -->\n<title>Negro Amarillo - Cat Watches<\/title>\n<meta name=\"robots\" content=\"index, follow, max-snippet:-1, max-image-preview:large, max-video-preview:-1\" \/>\n<link rel=\"canonical\" href=\"https:\/\/catwatches.com\/es\/product\/cuchilla-de-carbono\/negro-amarillo-9\/\" \/>\n<meta property=\"og:locale\" content=\"es_ES\" \/>\n<meta property=\"og:type\" content=\"article\" \/>\n<meta property=\"og:title\" content=\"Negro Amarillo\" \/>\n<meta property=\"og:description\" content=\"Dise\u00f1o industrial Con s\u00f3lo 11,5 mm de grosor, el reloj Carbon Blade ofrece la misma protecci\u00f3n de la caja de acero inoxidable, pero de una forma m\u00e1s fina, minimalista y f\u00e1cil de llevar a diario. Si quieres estabilidad y estilo, esto es para ti.\" \/>\n<meta property=\"og:url\" content=\"https:\/\/catwatches.com\/es\/product\/cuchilla-de-carbono\/negro-amarillo-9\/\" \/>\n<meta property=\"og:site_name\" content=\"Cat Watches\" \/>\n<meta property=\"article:publisher\" content=\"https:\/\/www.facebook.com\/catwatches\/\" \/>\n<meta property=\"article:modified_time\" content=\"2024-07-30T12:14:52+00:00\" \/>\n<meta property=\"og:image\" content=\"https:\/\/catwatches.com\/wp-content\/uploads\/2023\/10\/CB.149.34.137.png\" \/>\n\t<meta property=\"og:image:width\" content=\"590\" \/>\n\t<meta property=\"og:image:height\" content=\"780\" \/>\n\t<meta property=\"og:image:type\" content=\"image\/png\" \/>\n<meta name=\"twitter:card\" content=\"summary_large_image\" \/>\n<meta name=\"twitter:label1\" content=\"Precio\" \/>\n\t<meta name=\"twitter:data1\" content=\"\u20ac135.00\" \/>\n\t<meta name=\"twitter:label2\" content=\"Disponibilidad\" \/>\n\t<meta name=\"twitter:data2\" content=\"Sin existencias\" \/>\n<script type=\"application\/ld+json\" class=\"yoast-schema-graph\">{\"@context\":\"https:\\\/\\\/schema.org\",\"@graph\":[{\"@type\":\"WebPage\",\"@id\":\"https:\\\/\\\/catwatches.com\\\/es\\\/product\\\/cuchilla-de-carbono\\\/negro-amarillo-9\\\/\",\"url\":\"https:\\\/\\\/catwatches.com\\\/es\\\/product\\\/cuchilla-de-carbono\\\/negro-amarillo-9\\\/\",\"name\":\"Negro Amarillo - Cat Watches\",\"isPartOf\":{\"@id\":\"https:\\\/\\\/catwatches.com\\\/#website\"},\"primaryImageOfPage\":{\"@id\":\"https:\\\/\\\/catwatches.com\\\/es\\\/product\\\/cuchilla-de-carbono\\\/negro-amarillo-9\\\/#primaryimage\"},\"image\":{\"@id\":\"https:\\\/\\\/catwatches.com\\\/es\\\/product\\\/cuchilla-de-carbono\\\/negro-amarillo-9\\\/#primaryimage\"},\"thumbnailUrl\":\"https:\\\/\\\/catwatches.com\\\/wp-content\\\/uploads\\\/2023\\\/10\\\/CB.149.34.137.png\",\"datePublished\":\"2022-10-30T14:20:06+00:00\",\"dateModified\":\"2024-07-30T12:14:52+00:00\",\"breadcrumb\":{\"@id\":\"https:\\\/\\\/catwatches.com\\\/es\\\/product\\\/cuchilla-de-carbono\\\/negro-amarillo-9\\\/#breadcrumb\"},\"inLanguage\":\"es\",\"potentialAction\":[{\"@type\":\"ReadAction\",\"target\":[\"https:\\\/\\\/catwatches.com\\\/es\\\/product\\\/cuchilla-de-carbono\\\/negro-amarillo-9\\\/\"]}]},{\"@type\":\"ImageObject\",\"inLanguage\":\"es\",\"@id\":\"https:\\\/\\\/catwatches.com\\\/es\\\/product\\\/cuchilla-de-carbono\\\/negro-amarillo-9\\\/#primaryimage\",\"url\":\"https:\\\/\\\/catwatches.com\\\/wp-content\\\/uploads\\\/2023\\\/10\\\/CB.149.34.137.png\",\"contentUrl\":\"https:\\\/\\\/catwatches.com\\\/wp-content\\\/uploads\\\/2023\\\/10\\\/CB.149.34.137.png\",\"width\":590,\"height\":780},{\"@type\":\"BreadcrumbList\",\"@id\":\"https:\\\/\\\/catwatches.com\\\/es\\\/product\\\/cuchilla-de-carbono\\\/negro-amarillo-9\\\/#breadcrumb\",\"itemListElement\":[{\"@type\":\"ListItem\",\"position\":1,\"name\":\"Home\",\"item\":\"https:\\\/\\\/catwatches.com\\\/\"},{\"@type\":\"ListItem\",\"position\":2,\"name\":\"Tienda\",\"item\":\"https:\\\/\\\/catwatches.com\\\/es\\\/tienda\\\/\"},{\"@type\":\"ListItem\",\"position\":3,\"name\":\"Negro Amarillo\"}]},{\"@type\":\"WebSite\",\"@id\":\"https:\\\/\\\/catwatches.com\\\/#website\",\"url\":\"https:\\\/\\\/catwatches.com\\\/\",\"name\":\"Cat Watches\",\"description\":\"\",\"publisher\":{\"@id\":\"https:\\\/\\\/catwatches.com\\\/#organization\"},\"potentialAction\":[{\"@type\":\"SearchAction\",\"target\":{\"@type\":\"EntryPoint\",\"urlTemplate\":\"https:\\\/\\\/catwatches.com\\\/?s={search_term_string}\"},\"query-input\":{\"@type\":\"PropertyValueSpecification\",\"valueRequired\":true,\"valueName\":\"search_term_string\"}}],\"inLanguage\":\"es\"},{\"@type\":\"Organization\",\"@id\":\"https:\\\/\\\/catwatches.com\\\/#organization\",\"name\":\"Cat Watches\",\"url\":\"https:\\\/\\\/catwatches.com\\\/\",\"logo\":{\"@type\":\"ImageObject\",\"inLanguage\":\"es\",\"@id\":\"https:\\\/\\\/catwatches.com\\\/#\\\/schema\\\/logo\\\/image\\\/\",\"url\":\"https:\\\/\\\/catwatches.com\\\/wp-content\\\/uploads\\\/2023\\\/05\\\/CAT_Logo.svg\",\"contentUrl\":\"https:\\\/\\\/catwatches.com\\\/wp-content\\\/uploads\\\/2023\\\/05\\\/CAT_Logo.svg\",\"width\":67.2,\"height\":50,\"caption\":\"Cat Watches\"},\"image\":{\"@id\":\"https:\\\/\\\/catwatches.com\\\/#\\\/schema\\\/logo\\\/image\\\/\"},\"sameAs\":[\"https:\\\/\\\/www.facebook.com\\\/catwatches\\\/\",\"https:\\\/\\\/www.instagram.com\\\/catwatches\\\/\",\"https:\\\/\\\/www.youtube.com\\\/@mycatwatches\"],\"actionableFeedbackPolicy\":\"https:\\\/\\\/catwatches.com\\\/payment-delivery-returns\\\/\"}]}<\/script>\n<meta property=\"product:brand\" content=\"CUCHILLA DE CARBONO\" \/>\n<meta property=\"product:price:amount\" content=\"135.00\" \/>\n<meta property=\"product:price:currency\" content=\"EUR\" \/>\n<meta property=\"og:availability\" content=\"out of stock\" \/>\n<meta property=\"product:availability\" content=\"out of stock\" \/>\n<meta property=\"product:retailer_item_id\" content=\"CB.149.34.137\" \/>\n<meta property=\"product:condition\" content=\"new\" \/>\n<!-- \/ Yoast SEO Premium plugin. -->","yoast_head_json":{"title":"Negro Amarillo - Cat Watches","robots":{"index":"index","follow":"follow","max-snippet":"max-snippet:-1","max-image-preview":"max-image-preview:large","max-video-preview":"max-video-preview:-1"},"canonical":"https:\/\/catwatches.com\/es\/product\/cuchilla-de-carbono\/negro-amarillo-9\/","og_locale":"es_ES","og_type":"article","og_title":"Negro Amarillo","og_description":"Dise\u00f1o industrial Con s\u00f3lo 11,5 mm de grosor, el reloj Carbon Blade ofrece la misma protecci\u00f3n de la caja de acero inoxidable, pero de una forma m\u00e1s fina, minimalista y f\u00e1cil de llevar a diario. Si quieres estabilidad y estilo, esto es para ti.","og_url":"https:\/\/catwatches.com\/es\/product\/cuchilla-de-carbono\/negro-amarillo-9\/","og_site_name":"Cat Watches","article_publisher":"https:\/\/www.facebook.com\/catwatches\/","article_modified_time":"2024-07-30T12:14:52+00:00","og_image":[{"width":590,"height":780,"url":"https:\/\/catwatches.com\/wp-content\/uploads\/2023\/10\/CB.149.34.137.png","type":"image\/png"}],"twitter_card":"summary_large_image","twitter_misc":{"Precio":"\u20ac135.00","Disponibilidad":"Sin existencias"},"schema":{"@context":"https:\/\/schema.org","@graph":[{"@type":"WebPage","@id":"https:\/\/catwatches.com\/es\/product\/cuchilla-de-carbono\/negro-amarillo-9\/","url":"https:\/\/catwatches.com\/es\/product\/cuchilla-de-carbono\/negro-amarillo-9\/","name":"Negro Amarillo - Cat Watches","isPartOf":{"@id":"https:\/\/catwatches.com\/#website"},"primaryImageOfPage":{"@id":"https:\/\/catwatches.com\/es\/product\/cuchilla-de-carbono\/negro-amarillo-9\/#primaryimage"},"image":{"@id":"https:\/\/catwatches.com\/es\/product\/cuchilla-de-carbono\/negro-amarillo-9\/#primaryimage"},"thumbnailUrl":"https:\/\/catwatches.com\/wp-content\/uploads\/2023\/10\/CB.149.34.137.png","datePublished":"2022-10-30T14:20:06+00:00","dateModified":"2024-07-30T12:14:52+00:00","breadcrumb":{"@id":"https:\/\/catwatches.com\/es\/product\/cuchilla-de-carbono\/negro-amarillo-9\/#breadcrumb"},"inLanguage":"es","potentialAction":[{"@type":"ReadAction","target":["https:\/\/catwatches.com\/es\/product\/cuchilla-de-carbono\/negro-amarillo-9\/"]}]},{"@type":"ImageObject","inLanguage":"es","@id":"https:\/\/catwatches.com\/es\/product\/cuchilla-de-carbono\/negro-amarillo-9\/#primaryimage","url":"https:\/\/catwatches.com\/wp-content\/uploads\/2023\/10\/CB.149.34.137.png","contentUrl":"https:\/\/catwatches.com\/wp-content\/uploads\/2023\/10\/CB.149.34.137.png","width":590,"height":780},{"@type":"BreadcrumbList","@id":"https:\/\/catwatches.com\/es\/product\/cuchilla-de-carbono\/negro-amarillo-9\/#breadcrumb","itemListElement":[{"@type":"ListItem","position":1,"name":"Home","item":"https:\/\/catwatches.com\/"},{"@type":"ListItem","position":2,"name":"Tienda","item":"https:\/\/catwatches.com\/es\/tienda\/"},{"@type":"ListItem","position":3,"name":"Negro Amarillo"}]},{"@type":"WebSite","@id":"https:\/\/catwatches.com\/#website","url":"https:\/\/catwatches.com\/","name":"Cat Watches","description":"","publisher":{"@id":"https:\/\/catwatches.com\/#organization"},"potentialAction":[{"@type":"SearchAction","target":{"@type":"EntryPoint","urlTemplate":"https:\/\/catwatches.com\/?s={search_term_string}"},"query-input":{"@type":"PropertyValueSpecification","valueRequired":true,"valueName":"search_term_string"}}],"inLanguage":"es"},{"@type":"Organization","@id":"https:\/\/catwatches.com\/#organization","name":"Cat Watches","url":"https:\/\/catwatches.com\/","logo":{"@type":"ImageObject","inLanguage":"es","@id":"https:\/\/catwatches.com\/#\/schema\/logo\/image\/","url":"https:\/\/catwatches.com\/wp-content\/uploads\/2023\/05\/CAT_Logo.svg","contentUrl":"https:\/\/catwatches.com\/wp-content\/uploads\/2023\/05\/CAT_Logo.svg","width":67.2,"height":50,"caption":"Cat Watches"},"image":{"@id":"https:\/\/catwatches.com\/#\/schema\/logo\/image\/"},"sameAs":["https:\/\/www.facebook.com\/catwatches\/","https:\/\/www.instagram.com\/catwatches\/","https:\/\/www.youtube.com\/@mycatwatches"],"actionableFeedbackPolicy":"https:\/\/catwatches.com\/payment-delivery-returns\/"}]},"product_brand":"CUCHILLA DE CARBONO","product_price_amount":"135.00","product_price_currency":"EUR","og_availability":"out of stock","product_availability":"out of stock","product_retailer_item_id":"CB.149.34.137","product_condition":"new"},"_links":{"self":[{"href":"https:\/\/catwatches.com\/es\/wp-json\/wp\/v2\/product\/15104","targetHints":{"allow":["GET"]}}],"collection":[{"href":"https:\/\/catwatches.com\/es\/wp-json\/wp\/v2\/product"}],"about":[{"href":"https:\/\/catwatches.com\/es\/wp-json\/wp\/v2\/types\/product"}],"replies":[{"embeddable":true,"href":"https:\/\/catwatches.com\/es\/wp-json\/wp\/v2\/comments?post=15104"}],"version-history":[{"count":2,"href":"https:\/\/catwatches.com\/es\/wp-json\/wp\/v2\/product\/15104\/revisions"}],"predecessor-version":[{"id":21538,"href":"https:\/\/catwatches.com\/es\/wp-json\/wp\/v2\/product\/15104\/revisions\/21538"}],"wp:featuredmedia":[{"embeddable":true,"href":"https:\/\/catwatches.com\/es\/wp-json\/wp\/v2\/media\/14663"}],"wp:attachment":[{"href":"https:\/\/catwatches.com\/es\/wp-json\/wp\/v2\/media?parent=15104"}],"wp:term":[{"taxonomy":"product_brand","embeddable":true,"href":"https:\/\/catwatches.com\/es\/wp-json\/wp\/v2\/product_brand?post=15104"},{"taxonomy":"product_cat","embeddable":true,"href":"https:\/\/catwatches.com\/es\/wp-json\/wp\/v2\/product_cat?post=15104"},{"taxonomy":"product_tag","embeddable":true,"href":"https:\/\/catwatches.com\/es\/wp-json\/wp\/v2\/product_tag?post=15104"}],"curies":[{"name":"wp","href":"https:\/\/api.w.org\/{rel}","templated":true}]}}