{"id":15092,"date":"2023-10-06T06:08:27","date_gmt":"2023-10-06T06:08:27","guid":{"rendered":"https:\/\/catwatches.com\/product\/negro-10\/"},"modified":"2024-03-13T11:38:10","modified_gmt":"2024-03-13T11:38:10","slug":"negro-10","status":"publish","type":"product","link":"https:\/\/catwatches.com\/es\/product\/arquitecto\/negro-10\/","title":{"rendered":"Negro"},"content":{"rendered":"<h3>PRECISI\u00d3N ARQUITECT\u00d3NICA<\/h3>\n<p>Dise\u00f1ada para personas que aprecian el dise\u00f1o con visi\u00f3n de futuro, la colecci\u00f3n capta la esencia de la precisi\u00f3n arquitect\u00f3nica. Su esfera cuadriculada, que integra un indicador de fecha e \u00edndices en contraste, muestra l\u00edneas y \u00e1ngulos similares a los planos arquitect\u00f3nicos. Estos relojes combinan a la perfecci\u00f3n forma y funci\u00f3n, encarnando la esencia del dise\u00f1o y la innovaci\u00f3n.<\/p>\n","protected":false},"excerpt":{"rendered":"<p>PRECISI\u00d3N ARQUITECT\u00d3NICA Dise\u00f1ada para personas que aprecian el dise\u00f1o con visi\u00f3n de futuro, la colecci\u00f3n capta la esencia de la precisi\u00f3n arquitect\u00f3nica. Su esfera cuadriculada, que integra un indicador de fecha e \u00edndices en contraste, muestra l\u00edneas y \u00e1ngulos similares a los planos arquitect\u00f3nicos. Estos relojes combinan a la perfecci\u00f3n forma y funci\u00f3n, encarnando la [&hellip;]<\/p>\n","protected":false},"featured_media":18199,"comment_status":"open","ping_status":"closed","template":"","meta":{"_acf_changed":false},"product_brand":[],"product_cat":[829],"product_tag":[],"class_list":{"0":"post-15092","1":"product","2":"type-product","3":"status-publish","4":"has-post-thumbnail","6":"product_cat-arquitecto","7":"pa_color-negro","8":"pa_features-visualizacion-de-la-fecha","9":"pa_gender-hombre","11":"first","12":"outofstock","13":"shipping-taxable","14":"purchasable","15":"product-type-simple"},"acf":[],"yoast_head":"<!-- This site is optimized with the Yoast SEO Premium plugin v27.3 (Yoast SEO v27.3) - https:\/\/yoast.com\/product\/yoast-seo-premium-wordpress\/ -->\n<title>Negro - Cat Watches<\/title>\n<meta name=\"robots\" content=\"index, follow, max-snippet:-1, max-image-preview:large, max-video-preview:-1\" \/>\n<link rel=\"canonical\" href=\"https:\/\/catwatches.com\/product\/architect\/architect-black-3\/\" \/>\n<meta property=\"og:locale\" content=\"es_ES\" \/>\n<meta property=\"og:type\" content=\"article\" \/>\n<meta property=\"og:title\" content=\"Negro\" \/>\n<meta property=\"og:description\" content=\"PRECISI\u00d3N ARQUITECT\u00d3NICA Dise\u00f1ada para personas que aprecian el dise\u00f1o con visi\u00f3n de futuro, la colecci\u00f3n capta la esencia de la precisi\u00f3n arquitect\u00f3nica. Su esfera cuadriculada, que integra un indicador de fecha e \u00edndices en contraste, muestra l\u00edneas y \u00e1ngulos similares a los planos arquitect\u00f3nicos. Estos relojes combinan a la perfecci\u00f3n forma y funci\u00f3n, encarnando la [&hellip;]\" \/>\n<meta property=\"og:url\" content=\"https:\/\/catwatches.com\/product\/architect\/architect-black-3\/\" \/>\n<meta property=\"og:site_name\" content=\"Cat Watches\" \/>\n<meta property=\"article:publisher\" content=\"https:\/\/www.facebook.com\/catwatches\/\" \/>\n<meta property=\"article:modified_time\" content=\"2024-03-13T11:38:10+00:00\" \/>\n<meta property=\"og:image\" content=\"https:\/\/catwatches.com\/wp-content\/uploads\/2023\/10\/NR.161.21.121.png\" \/>\n\t<meta property=\"og:image:width\" content=\"590\" \/>\n\t<meta property=\"og:image:height\" content=\"780\" \/>\n\t<meta property=\"og:image:type\" content=\"image\/png\" \/>\n<meta name=\"twitter:card\" content=\"summary_large_image\" \/>\n<meta name=\"twitter:label1\" content=\"Precio\" \/>\n\t<meta name=\"twitter:data1\" content=\"\u20ac135.00\" \/>\n\t<meta name=\"twitter:label2\" content=\"Disponibilidad\" \/>\n\t<meta name=\"twitter:data2\" content=\"Sin existencias\" \/>\n<script type=\"application\/ld+json\" class=\"yoast-schema-graph\">{\"@context\":\"https:\\\/\\\/schema.org\",\"@graph\":[{\"@type\":\"WebPage\",\"@id\":\"https:\\\/\\\/catwatches.com\\\/product\\\/architect\\\/architect-black-3\\\/\",\"url\":\"https:\\\/\\\/catwatches.com\\\/product\\\/architect\\\/architect-black-3\\\/\",\"name\":\"Negro - Cat Watches\",\"isPartOf\":{\"@id\":\"https:\\\/\\\/catwatches.com\\\/#website\"},\"primaryImageOfPage\":{\"@id\":\"https:\\\/\\\/catwatches.com\\\/product\\\/architect\\\/architect-black-3\\\/#primaryimage\"},\"image\":{\"@id\":\"https:\\\/\\\/catwatches.com\\\/product\\\/architect\\\/architect-black-3\\\/#primaryimage\"},\"thumbnailUrl\":\"https:\\\/\\\/catwatches.com\\\/wp-content\\\/uploads\\\/2023\\\/10\\\/NR.161.21.121.png\",\"datePublished\":\"2023-10-06T06:08:27+00:00\",\"dateModified\":\"2024-03-13T11:38:10+00:00\",\"breadcrumb\":{\"@id\":\"https:\\\/\\\/catwatches.com\\\/product\\\/architect\\\/architect-black-3\\\/#breadcrumb\"},\"inLanguage\":\"es\",\"potentialAction\":[{\"@type\":\"ReadAction\",\"target\":[\"https:\\\/\\\/catwatches.com\\\/product\\\/architect\\\/architect-black-3\\\/\"]}]},{\"@type\":\"ImageObject\",\"inLanguage\":\"es\",\"@id\":\"https:\\\/\\\/catwatches.com\\\/product\\\/architect\\\/architect-black-3\\\/#primaryimage\",\"url\":\"https:\\\/\\\/catwatches.com\\\/wp-content\\\/uploads\\\/2023\\\/10\\\/NR.161.21.121.png\",\"contentUrl\":\"https:\\\/\\\/catwatches.com\\\/wp-content\\\/uploads\\\/2023\\\/10\\\/NR.161.21.121.png\",\"width\":590,\"height\":780},{\"@type\":\"BreadcrumbList\",\"@id\":\"https:\\\/\\\/catwatches.com\\\/product\\\/architect\\\/architect-black-3\\\/#breadcrumb\",\"itemListElement\":[{\"@type\":\"ListItem\",\"position\":1,\"name\":\"Home\",\"item\":\"https:\\\/\\\/catwatches.com\\\/\"},{\"@type\":\"ListItem\",\"position\":2,\"name\":\"Tienda\",\"item\":\"https:\\\/\\\/catwatches.com\\\/es\\\/tienda\\\/\"},{\"@type\":\"ListItem\",\"position\":3,\"name\":\"Negro\"}]},{\"@type\":\"WebSite\",\"@id\":\"https:\\\/\\\/catwatches.com\\\/#website\",\"url\":\"https:\\\/\\\/catwatches.com\\\/\",\"name\":\"Cat Watches\",\"description\":\"\",\"publisher\":{\"@id\":\"https:\\\/\\\/catwatches.com\\\/#organization\"},\"potentialAction\":[{\"@type\":\"SearchAction\",\"target\":{\"@type\":\"EntryPoint\",\"urlTemplate\":\"https:\\\/\\\/catwatches.com\\\/?s={search_term_string}\"},\"query-input\":{\"@type\":\"PropertyValueSpecification\",\"valueRequired\":true,\"valueName\":\"search_term_string\"}}],\"inLanguage\":\"es\"},{\"@type\":\"Organization\",\"@id\":\"https:\\\/\\\/catwatches.com\\\/#organization\",\"name\":\"Cat Watches\",\"url\":\"https:\\\/\\\/catwatches.com\\\/\",\"logo\":{\"@type\":\"ImageObject\",\"inLanguage\":\"es\",\"@id\":\"https:\\\/\\\/catwatches.com\\\/#\\\/schema\\\/logo\\\/image\\\/\",\"url\":\"https:\\\/\\\/catwatches.com\\\/wp-content\\\/uploads\\\/2023\\\/05\\\/CAT_Logo.svg\",\"contentUrl\":\"https:\\\/\\\/catwatches.com\\\/wp-content\\\/uploads\\\/2023\\\/05\\\/CAT_Logo.svg\",\"width\":67.2,\"height\":50,\"caption\":\"Cat Watches\"},\"image\":{\"@id\":\"https:\\\/\\\/catwatches.com\\\/#\\\/schema\\\/logo\\\/image\\\/\"},\"sameAs\":[\"https:\\\/\\\/www.facebook.com\\\/catwatches\\\/\",\"https:\\\/\\\/www.instagram.com\\\/catwatches\\\/\",\"https:\\\/\\\/www.youtube.com\\\/@mycatwatches\"],\"actionableFeedbackPolicy\":\"https:\\\/\\\/catwatches.com\\\/payment-delivery-returns\\\/\"}]}<\/script>\n<meta property=\"product:brand\" content=\"Arquitecto\" \/>\n<meta property=\"product:price:amount\" content=\"135.00\" \/>\n<meta property=\"product:price:currency\" content=\"EUR\" \/>\n<meta property=\"og:availability\" content=\"out of stock\" \/>\n<meta property=\"product:availability\" content=\"out of stock\" \/>\n<meta property=\"product:retailer_item_id\" content=\"NR.161.21.121\" \/>\n<meta property=\"product:condition\" content=\"new\" \/>\n<!-- \/ Yoast SEO Premium plugin. -->","yoast_head_json":{"title":"Negro - Cat Watches","robots":{"index":"index","follow":"follow","max-snippet":"max-snippet:-1","max-image-preview":"max-image-preview:large","max-video-preview":"max-video-preview:-1"},"canonical":"https:\/\/catwatches.com\/product\/architect\/architect-black-3\/","og_locale":"es_ES","og_type":"article","og_title":"Negro","og_description":"PRECISI\u00d3N ARQUITECT\u00d3NICA Dise\u00f1ada para personas que aprecian el dise\u00f1o con visi\u00f3n de futuro, la colecci\u00f3n capta la esencia de la precisi\u00f3n arquitect\u00f3nica. Su esfera cuadriculada, que integra un indicador de fecha e \u00edndices en contraste, muestra l\u00edneas y \u00e1ngulos similares a los planos arquitect\u00f3nicos. Estos relojes combinan a la perfecci\u00f3n forma y funci\u00f3n, encarnando la [&hellip;]","og_url":"https:\/\/catwatches.com\/product\/architect\/architect-black-3\/","og_site_name":"Cat Watches","article_publisher":"https:\/\/www.facebook.com\/catwatches\/","article_modified_time":"2024-03-13T11:38:10+00:00","og_image":[{"width":590,"height":780,"url":"https:\/\/catwatches.com\/wp-content\/uploads\/2023\/10\/NR.161.21.121.png","type":"image\/png"}],"twitter_card":"summary_large_image","twitter_misc":{"Precio":"\u20ac135.00","Disponibilidad":"Sin existencias"},"schema":{"@context":"https:\/\/schema.org","@graph":[{"@type":"WebPage","@id":"https:\/\/catwatches.com\/product\/architect\/architect-black-3\/","url":"https:\/\/catwatches.com\/product\/architect\/architect-black-3\/","name":"Negro - Cat Watches","isPartOf":{"@id":"https:\/\/catwatches.com\/#website"},"primaryImageOfPage":{"@id":"https:\/\/catwatches.com\/product\/architect\/architect-black-3\/#primaryimage"},"image":{"@id":"https:\/\/catwatches.com\/product\/architect\/architect-black-3\/#primaryimage"},"thumbnailUrl":"https:\/\/catwatches.com\/wp-content\/uploads\/2023\/10\/NR.161.21.121.png","datePublished":"2023-10-06T06:08:27+00:00","dateModified":"2024-03-13T11:38:10+00:00","breadcrumb":{"@id":"https:\/\/catwatches.com\/product\/architect\/architect-black-3\/#breadcrumb"},"inLanguage":"es","potentialAction":[{"@type":"ReadAction","target":["https:\/\/catwatches.com\/product\/architect\/architect-black-3\/"]}]},{"@type":"ImageObject","inLanguage":"es","@id":"https:\/\/catwatches.com\/product\/architect\/architect-black-3\/#primaryimage","url":"https:\/\/catwatches.com\/wp-content\/uploads\/2023\/10\/NR.161.21.121.png","contentUrl":"https:\/\/catwatches.com\/wp-content\/uploads\/2023\/10\/NR.161.21.121.png","width":590,"height":780},{"@type":"BreadcrumbList","@id":"https:\/\/catwatches.com\/product\/architect\/architect-black-3\/#breadcrumb","itemListElement":[{"@type":"ListItem","position":1,"name":"Home","item":"https:\/\/catwatches.com\/"},{"@type":"ListItem","position":2,"name":"Tienda","item":"https:\/\/catwatches.com\/es\/tienda\/"},{"@type":"ListItem","position":3,"name":"Negro"}]},{"@type":"WebSite","@id":"https:\/\/catwatches.com\/#website","url":"https:\/\/catwatches.com\/","name":"Cat Watches","description":"","publisher":{"@id":"https:\/\/catwatches.com\/#organization"},"potentialAction":[{"@type":"SearchAction","target":{"@type":"EntryPoint","urlTemplate":"https:\/\/catwatches.com\/?s={search_term_string}"},"query-input":{"@type":"PropertyValueSpecification","valueRequired":true,"valueName":"search_term_string"}}],"inLanguage":"es"},{"@type":"Organization","@id":"https:\/\/catwatches.com\/#organization","name":"Cat Watches","url":"https:\/\/catwatches.com\/","logo":{"@type":"ImageObject","inLanguage":"es","@id":"https:\/\/catwatches.com\/#\/schema\/logo\/image\/","url":"https:\/\/catwatches.com\/wp-content\/uploads\/2023\/05\/CAT_Logo.svg","contentUrl":"https:\/\/catwatches.com\/wp-content\/uploads\/2023\/05\/CAT_Logo.svg","width":67.2,"height":50,"caption":"Cat Watches"},"image":{"@id":"https:\/\/catwatches.com\/#\/schema\/logo\/image\/"},"sameAs":["https:\/\/www.facebook.com\/catwatches\/","https:\/\/www.instagram.com\/catwatches\/","https:\/\/www.youtube.com\/@mycatwatches"],"actionableFeedbackPolicy":"https:\/\/catwatches.com\/payment-delivery-returns\/"}]},"product_brand":"Arquitecto","product_price_amount":"135.00","product_price_currency":"EUR","og_availability":"out of stock","product_availability":"out of stock","product_retailer_item_id":"NR.161.21.121","product_condition":"new"},"_links":{"self":[{"href":"https:\/\/catwatches.com\/es\/wp-json\/wp\/v2\/product\/15092","targetHints":{"allow":["GET"]}}],"collection":[{"href":"https:\/\/catwatches.com\/es\/wp-json\/wp\/v2\/product"}],"about":[{"href":"https:\/\/catwatches.com\/es\/wp-json\/wp\/v2\/types\/product"}],"replies":[{"embeddable":true,"href":"https:\/\/catwatches.com\/es\/wp-json\/wp\/v2\/comments?post=15092"}],"version-history":[{"count":1,"href":"https:\/\/catwatches.com\/es\/wp-json\/wp\/v2\/product\/15092\/revisions"}],"predecessor-version":[{"id":15099,"href":"https:\/\/catwatches.com\/es\/wp-json\/wp\/v2\/product\/15092\/revisions\/15099"}],"wp:featuredmedia":[{"embeddable":true,"href":"https:\/\/catwatches.com\/es\/wp-json\/wp\/v2\/media\/18199"}],"wp:attachment":[{"href":"https:\/\/catwatches.com\/es\/wp-json\/wp\/v2\/media?parent=15092"}],"wp:term":[{"taxonomy":"product_brand","embeddable":true,"href":"https:\/\/catwatches.com\/es\/wp-json\/wp\/v2\/product_brand?post=15092"},{"taxonomy":"product_cat","embeddable":true,"href":"https:\/\/catwatches.com\/es\/wp-json\/wp\/v2\/product_cat?post=15092"},{"taxonomy":"product_tag","embeddable":true,"href":"https:\/\/catwatches.com\/es\/wp-json\/wp\/v2\/product_tag?post=15092"}],"curies":[{"name":"wp","href":"https:\/\/api.w.org\/{rel}","templated":true}]}}