{"id":15086,"date":"2023-10-06T11:08:43","date_gmt":"2023-10-06T11:08:43","guid":{"rendered":"https:\/\/catwatches.com\/product\/verde-2\/"},"modified":"2024-03-11T09:02:09","modified_gmt":"2024-03-11T09:02:09","slug":"verde-2","status":"publish","type":"product","link":"https:\/\/catwatches.com\/es\/product\/shockmaster-evo-es\/verde-2\/","title":{"rendered":"Verde"},"content":{"rendered":"<h3>\u00bfPREPARADO PARA LA ACCI\u00d3N?<\/h3>\n<p>Shockmaster es sin\u00f3nimo de rendimiento potente y fiable, durabilidad a largo plazo y resistencia excepcional. Este reloj est\u00e1 dise\u00f1ado para resistir los retos que una vida activa puede plantearle, desde golpes y ca\u00eddas hasta choques y ara\u00f1azos.<\/p>\n","protected":false},"excerpt":{"rendered":"<p>\u00bfPREPARADO PARA LA ACCI\u00d3N? Shockmaster es sin\u00f3nimo de rendimiento potente y fiable, durabilidad a largo plazo y resistencia excepcional. Este reloj est\u00e1 dise\u00f1ado para resistir los retos que una vida activa puede plantearle, desde golpes y ca\u00eddas hasta choques y ara\u00f1azos.<\/p>\n","protected":false},"featured_media":18180,"comment_status":"open","ping_status":"closed","template":"","meta":{"_acf_changed":false},"product_brand":[],"product_cat":[763],"product_tag":[],"class_list":{"0":"post-15086","1":"product","2":"type-product","3":"status-publish","4":"has-post-thumbnail","6":"product_cat-shockmaster-evo-es","7":"pa_color-verde","8":"pa_features-corona-atornillada","9":"pa_features-resistente-a-los-golpes","10":"pa_features-visualizacion-de-la-fecha","11":"pa_gender-hombre","13":"first","14":"outofstock","15":"sale","16":"shipping-taxable","17":"purchasable","18":"product-type-simple"},"acf":[],"yoast_head":"<!-- This site is optimized with the Yoast SEO Premium plugin v27.3 (Yoast SEO v27.3) - https:\/\/yoast.com\/product\/yoast-seo-premium-wordpress\/ -->\n<title>Shockmaster Evo Verde: El reloj m\u00e1s duradero y fiable<\/title>\n<meta name=\"description\" content=\"Prep\u00e1rate para conquistar cualquier reto con el reloj Shockmaster Evo Green. Fabricado para soportar las condiciones m\u00e1s duras, es el compa\u00f1ero definitivo para una vida activa. Pida el suyo hoy mismo.\" \/>\n<meta name=\"robots\" content=\"index, follow, max-snippet:-1, max-image-preview:large, max-video-preview:-1\" \/>\n<link rel=\"canonical\" href=\"https:\/\/catwatches.com\/product\/shockmaster-evo\/shockmaster-evo-green\/\" \/>\n<meta property=\"og:locale\" content=\"es_ES\" \/>\n<meta property=\"og:type\" content=\"article\" \/>\n<meta property=\"og:title\" content=\"Verde\" \/>\n<meta property=\"og:description\" content=\"Prep\u00e1rate para conquistar cualquier reto con el reloj Shockmaster Evo Green. Fabricado para soportar las condiciones m\u00e1s duras, es el compa\u00f1ero definitivo para una vida activa. Pida el suyo hoy mismo.\" \/>\n<meta property=\"og:url\" content=\"https:\/\/catwatches.com\/product\/shockmaster-evo\/shockmaster-evo-green\/\" \/>\n<meta property=\"og:site_name\" content=\"Cat Watches\" \/>\n<meta property=\"article:publisher\" content=\"https:\/\/www.facebook.com\/catwatches\/\" \/>\n<meta property=\"article:modified_time\" content=\"2024-03-11T09:02:09+00:00\" \/>\n<meta property=\"og:image\" content=\"https:\/\/catwatches.com\/wp-content\/uploads\/2023\/10\/SJ.161.23.133-3.png\" \/>\n\t<meta property=\"og:image:width\" content=\"590\" \/>\n\t<meta property=\"og:image:height\" content=\"780\" \/>\n\t<meta property=\"og:image:type\" content=\"image\/png\" \/>\n<meta name=\"twitter:card\" content=\"summary_large_image\" \/>\n<meta name=\"twitter:label1\" content=\"Precio\" \/>\n\t<meta name=\"twitter:data1\" content=\"\u20ac97.50\" \/>\n\t<meta name=\"twitter:label2\" content=\"Disponibilidad\" \/>\n\t<meta name=\"twitter:data2\" content=\"Sin existencias\" \/>\n<script type=\"application\/ld+json\" class=\"yoast-schema-graph\">{\"@context\":\"https:\\\/\\\/schema.org\",\"@graph\":[{\"@type\":\"WebPage\",\"@id\":\"https:\\\/\\\/catwatches.com\\\/product\\\/shockmaster-evo\\\/shockmaster-evo-green\\\/\",\"url\":\"https:\\\/\\\/catwatches.com\\\/product\\\/shockmaster-evo\\\/shockmaster-evo-green\\\/\",\"name\":\"Shockmaster Evo Verde: El reloj m\u00e1s duradero y fiable\",\"isPartOf\":{\"@id\":\"https:\\\/\\\/catwatches.com\\\/#website\"},\"primaryImageOfPage\":{\"@id\":\"https:\\\/\\\/catwatches.com\\\/product\\\/shockmaster-evo\\\/shockmaster-evo-green\\\/#primaryimage\"},\"image\":{\"@id\":\"https:\\\/\\\/catwatches.com\\\/product\\\/shockmaster-evo\\\/shockmaster-evo-green\\\/#primaryimage\"},\"thumbnailUrl\":\"https:\\\/\\\/catwatches.com\\\/wp-content\\\/uploads\\\/2023\\\/10\\\/SJ.161.23.133-3.png\",\"datePublished\":\"2023-10-06T11:08:43+00:00\",\"dateModified\":\"2024-03-11T09:02:09+00:00\",\"description\":\"Prep\u00e1rate para conquistar cualquier reto con el reloj Shockmaster Evo Green. Fabricado para soportar las condiciones m\u00e1s duras, es el compa\u00f1ero definitivo para una vida activa. Pida el suyo hoy mismo.\",\"breadcrumb\":{\"@id\":\"https:\\\/\\\/catwatches.com\\\/product\\\/shockmaster-evo\\\/shockmaster-evo-green\\\/#breadcrumb\"},\"inLanguage\":\"es\",\"potentialAction\":[{\"@type\":\"ReadAction\",\"target\":[\"https:\\\/\\\/catwatches.com\\\/product\\\/shockmaster-evo\\\/shockmaster-evo-green\\\/\"]}]},{\"@type\":\"ImageObject\",\"inLanguage\":\"es\",\"@id\":\"https:\\\/\\\/catwatches.com\\\/product\\\/shockmaster-evo\\\/shockmaster-evo-green\\\/#primaryimage\",\"url\":\"https:\\\/\\\/catwatches.com\\\/wp-content\\\/uploads\\\/2023\\\/10\\\/SJ.161.23.133-3.png\",\"contentUrl\":\"https:\\\/\\\/catwatches.com\\\/wp-content\\\/uploads\\\/2023\\\/10\\\/SJ.161.23.133-3.png\",\"width\":590,\"height\":780},{\"@type\":\"BreadcrumbList\",\"@id\":\"https:\\\/\\\/catwatches.com\\\/product\\\/shockmaster-evo\\\/shockmaster-evo-green\\\/#breadcrumb\",\"itemListElement\":[{\"@type\":\"ListItem\",\"position\":1,\"name\":\"Home\",\"item\":\"https:\\\/\\\/catwatches.com\\\/\"},{\"@type\":\"ListItem\",\"position\":2,\"name\":\"Tienda\",\"item\":\"https:\\\/\\\/catwatches.com\\\/es\\\/tienda\\\/\"},{\"@type\":\"ListItem\",\"position\":3,\"name\":\"Verde\"}]},{\"@type\":\"WebSite\",\"@id\":\"https:\\\/\\\/catwatches.com\\\/#website\",\"url\":\"https:\\\/\\\/catwatches.com\\\/\",\"name\":\"Cat Watches\",\"description\":\"\",\"publisher\":{\"@id\":\"https:\\\/\\\/catwatches.com\\\/#organization\"},\"potentialAction\":[{\"@type\":\"SearchAction\",\"target\":{\"@type\":\"EntryPoint\",\"urlTemplate\":\"https:\\\/\\\/catwatches.com\\\/?s={search_term_string}\"},\"query-input\":{\"@type\":\"PropertyValueSpecification\",\"valueRequired\":true,\"valueName\":\"search_term_string\"}}],\"inLanguage\":\"es\"},{\"@type\":\"Organization\",\"@id\":\"https:\\\/\\\/catwatches.com\\\/#organization\",\"name\":\"Cat Watches\",\"url\":\"https:\\\/\\\/catwatches.com\\\/\",\"logo\":{\"@type\":\"ImageObject\",\"inLanguage\":\"es\",\"@id\":\"https:\\\/\\\/catwatches.com\\\/#\\\/schema\\\/logo\\\/image\\\/\",\"url\":\"https:\\\/\\\/catwatches.com\\\/wp-content\\\/uploads\\\/2023\\\/05\\\/CAT_Logo.svg\",\"contentUrl\":\"https:\\\/\\\/catwatches.com\\\/wp-content\\\/uploads\\\/2023\\\/05\\\/CAT_Logo.svg\",\"width\":67.2,\"height\":50,\"caption\":\"Cat Watches\"},\"image\":{\"@id\":\"https:\\\/\\\/catwatches.com\\\/#\\\/schema\\\/logo\\\/image\\\/\"},\"sameAs\":[\"https:\\\/\\\/www.facebook.com\\\/catwatches\\\/\",\"https:\\\/\\\/www.instagram.com\\\/catwatches\\\/\",\"https:\\\/\\\/www.youtube.com\\\/@mycatwatches\"],\"actionableFeedbackPolicy\":\"https:\\\/\\\/catwatches.com\\\/payment-delivery-returns\\\/\"}]}<\/script>\n<meta property=\"product:brand\" content=\"SHOCKMASTER EVO\" \/>\n<meta property=\"product:price:amount\" content=\"97.50\" \/>\n<meta property=\"product:price:currency\" content=\"EUR\" \/>\n<meta property=\"og:availability\" content=\"out of stock\" \/>\n<meta property=\"product:availability\" content=\"out of stock\" \/>\n<meta property=\"product:retailer_item_id\" content=\"SJ.161.23.133\" \/>\n<meta property=\"product:condition\" content=\"new\" \/>\n<!-- \/ Yoast SEO Premium plugin. -->","yoast_head_json":{"title":"Shockmaster Evo Verde: El reloj m\u00e1s duradero y fiable","description":"Prep\u00e1rate para conquistar cualquier reto con el reloj Shockmaster Evo Green. Fabricado para soportar las condiciones m\u00e1s duras, es el compa\u00f1ero definitivo para una vida activa. Pida el suyo hoy mismo.","robots":{"index":"index","follow":"follow","max-snippet":"max-snippet:-1","max-image-preview":"max-image-preview:large","max-video-preview":"max-video-preview:-1"},"canonical":"https:\/\/catwatches.com\/product\/shockmaster-evo\/shockmaster-evo-green\/","og_locale":"es_ES","og_type":"article","og_title":"Verde","og_description":"Prep\u00e1rate para conquistar cualquier reto con el reloj Shockmaster Evo Green. Fabricado para soportar las condiciones m\u00e1s duras, es el compa\u00f1ero definitivo para una vida activa. Pida el suyo hoy mismo.","og_url":"https:\/\/catwatches.com\/product\/shockmaster-evo\/shockmaster-evo-green\/","og_site_name":"Cat Watches","article_publisher":"https:\/\/www.facebook.com\/catwatches\/","article_modified_time":"2024-03-11T09:02:09+00:00","og_image":[{"width":590,"height":780,"url":"https:\/\/catwatches.com\/wp-content\/uploads\/2023\/10\/SJ.161.23.133-3.png","type":"image\/png"}],"twitter_card":"summary_large_image","twitter_misc":{"Precio":"\u20ac97.50","Disponibilidad":"Sin existencias"},"schema":{"@context":"https:\/\/schema.org","@graph":[{"@type":"WebPage","@id":"https:\/\/catwatches.com\/product\/shockmaster-evo\/shockmaster-evo-green\/","url":"https:\/\/catwatches.com\/product\/shockmaster-evo\/shockmaster-evo-green\/","name":"Shockmaster Evo Verde: El reloj m\u00e1s duradero y fiable","isPartOf":{"@id":"https:\/\/catwatches.com\/#website"},"primaryImageOfPage":{"@id":"https:\/\/catwatches.com\/product\/shockmaster-evo\/shockmaster-evo-green\/#primaryimage"},"image":{"@id":"https:\/\/catwatches.com\/product\/shockmaster-evo\/shockmaster-evo-green\/#primaryimage"},"thumbnailUrl":"https:\/\/catwatches.com\/wp-content\/uploads\/2023\/10\/SJ.161.23.133-3.png","datePublished":"2023-10-06T11:08:43+00:00","dateModified":"2024-03-11T09:02:09+00:00","description":"Prep\u00e1rate para conquistar cualquier reto con el reloj Shockmaster Evo Green. Fabricado para soportar las condiciones m\u00e1s duras, es el compa\u00f1ero definitivo para una vida activa. Pida el suyo hoy mismo.","breadcrumb":{"@id":"https:\/\/catwatches.com\/product\/shockmaster-evo\/shockmaster-evo-green\/#breadcrumb"},"inLanguage":"es","potentialAction":[{"@type":"ReadAction","target":["https:\/\/catwatches.com\/product\/shockmaster-evo\/shockmaster-evo-green\/"]}]},{"@type":"ImageObject","inLanguage":"es","@id":"https:\/\/catwatches.com\/product\/shockmaster-evo\/shockmaster-evo-green\/#primaryimage","url":"https:\/\/catwatches.com\/wp-content\/uploads\/2023\/10\/SJ.161.23.133-3.png","contentUrl":"https:\/\/catwatches.com\/wp-content\/uploads\/2023\/10\/SJ.161.23.133-3.png","width":590,"height":780},{"@type":"BreadcrumbList","@id":"https:\/\/catwatches.com\/product\/shockmaster-evo\/shockmaster-evo-green\/#breadcrumb","itemListElement":[{"@type":"ListItem","position":1,"name":"Home","item":"https:\/\/catwatches.com\/"},{"@type":"ListItem","position":2,"name":"Tienda","item":"https:\/\/catwatches.com\/es\/tienda\/"},{"@type":"ListItem","position":3,"name":"Verde"}]},{"@type":"WebSite","@id":"https:\/\/catwatches.com\/#website","url":"https:\/\/catwatches.com\/","name":"Cat Watches","description":"","publisher":{"@id":"https:\/\/catwatches.com\/#organization"},"potentialAction":[{"@type":"SearchAction","target":{"@type":"EntryPoint","urlTemplate":"https:\/\/catwatches.com\/?s={search_term_string}"},"query-input":{"@type":"PropertyValueSpecification","valueRequired":true,"valueName":"search_term_string"}}],"inLanguage":"es"},{"@type":"Organization","@id":"https:\/\/catwatches.com\/#organization","name":"Cat Watches","url":"https:\/\/catwatches.com\/","logo":{"@type":"ImageObject","inLanguage":"es","@id":"https:\/\/catwatches.com\/#\/schema\/logo\/image\/","url":"https:\/\/catwatches.com\/wp-content\/uploads\/2023\/05\/CAT_Logo.svg","contentUrl":"https:\/\/catwatches.com\/wp-content\/uploads\/2023\/05\/CAT_Logo.svg","width":67.2,"height":50,"caption":"Cat Watches"},"image":{"@id":"https:\/\/catwatches.com\/#\/schema\/logo\/image\/"},"sameAs":["https:\/\/www.facebook.com\/catwatches\/","https:\/\/www.instagram.com\/catwatches\/","https:\/\/www.youtube.com\/@mycatwatches"],"actionableFeedbackPolicy":"https:\/\/catwatches.com\/payment-delivery-returns\/"}]},"product_brand":"SHOCKMASTER EVO","product_price_amount":"97.50","product_price_currency":"EUR","og_availability":"out of stock","product_availability":"out of stock","product_retailer_item_id":"SJ.161.23.133","product_condition":"new"},"_links":{"self":[{"href":"https:\/\/catwatches.com\/es\/wp-json\/wp\/v2\/product\/15086","targetHints":{"allow":["GET"]}}],"collection":[{"href":"https:\/\/catwatches.com\/es\/wp-json\/wp\/v2\/product"}],"about":[{"href":"https:\/\/catwatches.com\/es\/wp-json\/wp\/v2\/types\/product"}],"replies":[{"embeddable":true,"href":"https:\/\/catwatches.com\/es\/wp-json\/wp\/v2\/comments?post=15086"}],"version-history":[{"count":1,"href":"https:\/\/catwatches.com\/es\/wp-json\/wp\/v2\/product\/15086\/revisions"}],"predecessor-version":[{"id":15095,"href":"https:\/\/catwatches.com\/es\/wp-json\/wp\/v2\/product\/15086\/revisions\/15095"}],"wp:featuredmedia":[{"embeddable":true,"href":"https:\/\/catwatches.com\/es\/wp-json\/wp\/v2\/media\/18180"}],"wp:attachment":[{"href":"https:\/\/catwatches.com\/es\/wp-json\/wp\/v2\/media?parent=15086"}],"wp:term":[{"taxonomy":"product_brand","embeddable":true,"href":"https:\/\/catwatches.com\/es\/wp-json\/wp\/v2\/product_brand?post=15086"},{"taxonomy":"product_cat","embeddable":true,"href":"https:\/\/catwatches.com\/es\/wp-json\/wp\/v2\/product_cat?post=15086"},{"taxonomy":"product_tag","embeddable":true,"href":"https:\/\/catwatches.com\/es\/wp-json\/wp\/v2\/product_tag?post=15086"}],"curies":[{"name":"wp","href":"https:\/\/api.w.org\/{rel}","templated":true}]}}