{"id":15036,"date":"2023-05-23T15:39:47","date_gmt":"2023-05-23T15:39:47","guid":{"rendered":"https:\/\/catwatches.com\/product\/marron-oro-rosa\/"},"modified":"2023-12-09T13:36:52","modified_gmt":"2023-12-09T13:36:52","slug":"marron-oro-rosa","status":"publish","type":"product","link":"https:\/\/catwatches.com\/es\/product\/tokio\/marron-oro-rosa\/","title":{"rendered":"Marr\u00f3n Oro Rosa"},"content":{"rendered":"<h3>EL ESP\u00cdRITU Y LA ENERG\u00cdA DE LA CIUDAD<\/h3>\n<p>Tokio resume la gran energ\u00eda y electricidad que rodean a la ciudad de Jap\u00f3n. La caja en forma de coj\u00edn de acero inoxidable est\u00e1 adornada con cuatro tornillos t\u00e9cnicos en los cuatro bordes, lo que proporciona una dura introducci\u00f3n a la moderna esfera multicapa en 3D, que incluye un indicador de fecha. Para rematar esta electrizante esfera, los protectores de corona sobresalen para garantizar que la corona se mantiene en su sitio.<\/p>\n","protected":false},"excerpt":{"rendered":"<p>EL ESP\u00cdRITU Y LA ENERG\u00cdA DE LA CIUDAD Tokio resume la gran energ\u00eda y electricidad que rodean a la ciudad de Jap\u00f3n. La caja en forma de coj\u00edn de acero inoxidable est\u00e1 adornada con cuatro tornillos t\u00e9cnicos en los cuatro bordes, lo que proporciona una dura introducci\u00f3n a la moderna esfera multicapa en 3D, que [&hellip;]<\/p>\n","protected":false},"featured_media":13115,"comment_status":"open","ping_status":"closed","template":"","meta":{"_acf_changed":false},"product_brand":[],"product_cat":[746],"product_tag":[],"class_list":{"0":"post-15036","1":"product","2":"type-product","3":"status-publish","4":"has-post-thumbnail","6":"product_cat-tokio","7":"pa_color-marron","8":"pa_color-oro-rosa","9":"pa_features-visualizacion-de-la-fecha","10":"pa_gender-hombre","12":"first","13":"outofstock","14":"shipping-taxable","15":"purchasable","16":"product-type-simple"},"acf":[],"yoast_head":"<!-- This site is optimized with the Yoast SEO Premium plugin v27.3 (Yoast SEO v27.3) - https:\/\/yoast.com\/product\/yoast-seo-premium-wordpress\/ -->\n<title>Marr\u00f3n Oro Rosa - Cat Watches<\/title>\n<meta name=\"robots\" content=\"index, follow, max-snippet:-1, max-image-preview:large, max-video-preview:-1\" \/>\n<link rel=\"canonical\" href=\"https:\/\/catwatches.com\/product\/tokyo\/tokyo-brown-rose-gold\/\" \/>\n<meta property=\"og:locale\" content=\"es_ES\" \/>\n<meta property=\"og:type\" content=\"article\" \/>\n<meta property=\"og:title\" content=\"Marr\u00f3n Oro Rosa\" \/>\n<meta property=\"og:description\" content=\"EL ESP\u00cdRITU Y LA ENERG\u00cdA DE LA CIUDAD Tokio resume la gran energ\u00eda y electricidad que rodean a la ciudad de Jap\u00f3n. La caja en forma de coj\u00edn de acero inoxidable est\u00e1 adornada con cuatro tornillos t\u00e9cnicos en los cuatro bordes, lo que proporciona una dura introducci\u00f3n a la moderna esfera multicapa en 3D, que [&hellip;]\" \/>\n<meta property=\"og:url\" content=\"https:\/\/catwatches.com\/product\/tokyo\/tokyo-brown-rose-gold\/\" \/>\n<meta property=\"og:site_name\" content=\"Cat Watches\" \/>\n<meta property=\"article:publisher\" content=\"https:\/\/www.facebook.com\/catwatches\/\" \/>\n<meta property=\"article:modified_time\" content=\"2023-12-09T13:36:52+00:00\" \/>\n<meta property=\"og:image\" content=\"https:\/\/catwatches.com\/wp-content\/uploads\/2023\/05\/AJ.191.35.129.png\" \/>\n\t<meta property=\"og:image:width\" content=\"590\" \/>\n\t<meta property=\"og:image:height\" content=\"780\" \/>\n\t<meta property=\"og:image:type\" content=\"image\/png\" \/>\n<meta name=\"twitter:card\" content=\"summary_large_image\" \/>\n<meta name=\"twitter:label1\" content=\"Precio\" \/>\n\t<meta name=\"twitter:data1\" content=\"\u20ac145.00\" \/>\n\t<meta name=\"twitter:label2\" content=\"Disponibilidad\" \/>\n\t<meta name=\"twitter:data2\" content=\"Sin existencias\" \/>\n<script type=\"application\/ld+json\" class=\"yoast-schema-graph\">{\"@context\":\"https:\\\/\\\/schema.org\",\"@graph\":[{\"@type\":\"WebPage\",\"@id\":\"https:\\\/\\\/catwatches.com\\\/product\\\/tokyo\\\/tokyo-brown-rose-gold\\\/\",\"url\":\"https:\\\/\\\/catwatches.com\\\/product\\\/tokyo\\\/tokyo-brown-rose-gold\\\/\",\"name\":\"Marr\u00f3n Oro Rosa - Cat Watches\",\"isPartOf\":{\"@id\":\"https:\\\/\\\/catwatches.com\\\/#website\"},\"primaryImageOfPage\":{\"@id\":\"https:\\\/\\\/catwatches.com\\\/product\\\/tokyo\\\/tokyo-brown-rose-gold\\\/#primaryimage\"},\"image\":{\"@id\":\"https:\\\/\\\/catwatches.com\\\/product\\\/tokyo\\\/tokyo-brown-rose-gold\\\/#primaryimage\"},\"thumbnailUrl\":\"https:\\\/\\\/catwatches.com\\\/wp-content\\\/uploads\\\/2023\\\/05\\\/AJ.191.35.129.png\",\"datePublished\":\"2023-05-23T15:39:47+00:00\",\"dateModified\":\"2023-12-09T13:36:52+00:00\",\"breadcrumb\":{\"@id\":\"https:\\\/\\\/catwatches.com\\\/product\\\/tokyo\\\/tokyo-brown-rose-gold\\\/#breadcrumb\"},\"inLanguage\":\"es\",\"potentialAction\":[{\"@type\":\"ReadAction\",\"target\":[\"https:\\\/\\\/catwatches.com\\\/product\\\/tokyo\\\/tokyo-brown-rose-gold\\\/\"]}]},{\"@type\":\"ImageObject\",\"inLanguage\":\"es\",\"@id\":\"https:\\\/\\\/catwatches.com\\\/product\\\/tokyo\\\/tokyo-brown-rose-gold\\\/#primaryimage\",\"url\":\"https:\\\/\\\/catwatches.com\\\/wp-content\\\/uploads\\\/2023\\\/05\\\/AJ.191.35.129.png\",\"contentUrl\":\"https:\\\/\\\/catwatches.com\\\/wp-content\\\/uploads\\\/2023\\\/05\\\/AJ.191.35.129.png\",\"width\":590,\"height\":780},{\"@type\":\"BreadcrumbList\",\"@id\":\"https:\\\/\\\/catwatches.com\\\/product\\\/tokyo\\\/tokyo-brown-rose-gold\\\/#breadcrumb\",\"itemListElement\":[{\"@type\":\"ListItem\",\"position\":1,\"name\":\"Home\",\"item\":\"https:\\\/\\\/catwatches.com\\\/\"},{\"@type\":\"ListItem\",\"position\":2,\"name\":\"Tienda\",\"item\":\"https:\\\/\\\/catwatches.com\\\/es\\\/tienda\\\/\"},{\"@type\":\"ListItem\",\"position\":3,\"name\":\"Marr\u00f3n Oro Rosa\"}]},{\"@type\":\"WebSite\",\"@id\":\"https:\\\/\\\/catwatches.com\\\/#website\",\"url\":\"https:\\\/\\\/catwatches.com\\\/\",\"name\":\"Cat Watches\",\"description\":\"\",\"publisher\":{\"@id\":\"https:\\\/\\\/catwatches.com\\\/#organization\"},\"potentialAction\":[{\"@type\":\"SearchAction\",\"target\":{\"@type\":\"EntryPoint\",\"urlTemplate\":\"https:\\\/\\\/catwatches.com\\\/?s={search_term_string}\"},\"query-input\":{\"@type\":\"PropertyValueSpecification\",\"valueRequired\":true,\"valueName\":\"search_term_string\"}}],\"inLanguage\":\"es\"},{\"@type\":\"Organization\",\"@id\":\"https:\\\/\\\/catwatches.com\\\/#organization\",\"name\":\"Cat Watches\",\"url\":\"https:\\\/\\\/catwatches.com\\\/\",\"logo\":{\"@type\":\"ImageObject\",\"inLanguage\":\"es\",\"@id\":\"https:\\\/\\\/catwatches.com\\\/#\\\/schema\\\/logo\\\/image\\\/\",\"url\":\"https:\\\/\\\/catwatches.com\\\/wp-content\\\/uploads\\\/2023\\\/05\\\/CAT_Logo.svg\",\"contentUrl\":\"https:\\\/\\\/catwatches.com\\\/wp-content\\\/uploads\\\/2023\\\/05\\\/CAT_Logo.svg\",\"width\":67.2,\"height\":50,\"caption\":\"Cat Watches\"},\"image\":{\"@id\":\"https:\\\/\\\/catwatches.com\\\/#\\\/schema\\\/logo\\\/image\\\/\"},\"sameAs\":[\"https:\\\/\\\/www.facebook.com\\\/catwatches\\\/\",\"https:\\\/\\\/www.instagram.com\\\/catwatches\\\/\",\"https:\\\/\\\/www.youtube.com\\\/@mycatwatches\"],\"actionableFeedbackPolicy\":\"https:\\\/\\\/catwatches.com\\\/payment-delivery-returns\\\/\"}]}<\/script>\n<meta property=\"product:brand\" content=\"Tokio\" \/>\n<meta property=\"product:price:amount\" content=\"145.00\" \/>\n<meta property=\"product:price:currency\" content=\"EUR\" \/>\n<meta property=\"og:availability\" content=\"out of stock\" \/>\n<meta property=\"product:availability\" content=\"out of stock\" \/>\n<meta property=\"product:retailer_item_id\" content=\"AJ.191.35.129\" \/>\n<meta property=\"product:condition\" content=\"new\" \/>\n<!-- \/ Yoast SEO Premium plugin. -->","yoast_head_json":{"title":"Marr\u00f3n Oro Rosa - Cat Watches","robots":{"index":"index","follow":"follow","max-snippet":"max-snippet:-1","max-image-preview":"max-image-preview:large","max-video-preview":"max-video-preview:-1"},"canonical":"https:\/\/catwatches.com\/product\/tokyo\/tokyo-brown-rose-gold\/","og_locale":"es_ES","og_type":"article","og_title":"Marr\u00f3n Oro Rosa","og_description":"EL ESP\u00cdRITU Y LA ENERG\u00cdA DE LA CIUDAD Tokio resume la gran energ\u00eda y electricidad que rodean a la ciudad de Jap\u00f3n. La caja en forma de coj\u00edn de acero inoxidable est\u00e1 adornada con cuatro tornillos t\u00e9cnicos en los cuatro bordes, lo que proporciona una dura introducci\u00f3n a la moderna esfera multicapa en 3D, que [&hellip;]","og_url":"https:\/\/catwatches.com\/product\/tokyo\/tokyo-brown-rose-gold\/","og_site_name":"Cat Watches","article_publisher":"https:\/\/www.facebook.com\/catwatches\/","article_modified_time":"2023-12-09T13:36:52+00:00","og_image":[{"width":590,"height":780,"url":"https:\/\/catwatches.com\/wp-content\/uploads\/2023\/05\/AJ.191.35.129.png","type":"image\/png"}],"twitter_card":"summary_large_image","twitter_misc":{"Precio":"\u20ac145.00","Disponibilidad":"Sin existencias"},"schema":{"@context":"https:\/\/schema.org","@graph":[{"@type":"WebPage","@id":"https:\/\/catwatches.com\/product\/tokyo\/tokyo-brown-rose-gold\/","url":"https:\/\/catwatches.com\/product\/tokyo\/tokyo-brown-rose-gold\/","name":"Marr\u00f3n Oro Rosa - Cat Watches","isPartOf":{"@id":"https:\/\/catwatches.com\/#website"},"primaryImageOfPage":{"@id":"https:\/\/catwatches.com\/product\/tokyo\/tokyo-brown-rose-gold\/#primaryimage"},"image":{"@id":"https:\/\/catwatches.com\/product\/tokyo\/tokyo-brown-rose-gold\/#primaryimage"},"thumbnailUrl":"https:\/\/catwatches.com\/wp-content\/uploads\/2023\/05\/AJ.191.35.129.png","datePublished":"2023-05-23T15:39:47+00:00","dateModified":"2023-12-09T13:36:52+00:00","breadcrumb":{"@id":"https:\/\/catwatches.com\/product\/tokyo\/tokyo-brown-rose-gold\/#breadcrumb"},"inLanguage":"es","potentialAction":[{"@type":"ReadAction","target":["https:\/\/catwatches.com\/product\/tokyo\/tokyo-brown-rose-gold\/"]}]},{"@type":"ImageObject","inLanguage":"es","@id":"https:\/\/catwatches.com\/product\/tokyo\/tokyo-brown-rose-gold\/#primaryimage","url":"https:\/\/catwatches.com\/wp-content\/uploads\/2023\/05\/AJ.191.35.129.png","contentUrl":"https:\/\/catwatches.com\/wp-content\/uploads\/2023\/05\/AJ.191.35.129.png","width":590,"height":780},{"@type":"BreadcrumbList","@id":"https:\/\/catwatches.com\/product\/tokyo\/tokyo-brown-rose-gold\/#breadcrumb","itemListElement":[{"@type":"ListItem","position":1,"name":"Home","item":"https:\/\/catwatches.com\/"},{"@type":"ListItem","position":2,"name":"Tienda","item":"https:\/\/catwatches.com\/es\/tienda\/"},{"@type":"ListItem","position":3,"name":"Marr\u00f3n Oro Rosa"}]},{"@type":"WebSite","@id":"https:\/\/catwatches.com\/#website","url":"https:\/\/catwatches.com\/","name":"Cat Watches","description":"","publisher":{"@id":"https:\/\/catwatches.com\/#organization"},"potentialAction":[{"@type":"SearchAction","target":{"@type":"EntryPoint","urlTemplate":"https:\/\/catwatches.com\/?s={search_term_string}"},"query-input":{"@type":"PropertyValueSpecification","valueRequired":true,"valueName":"search_term_string"}}],"inLanguage":"es"},{"@type":"Organization","@id":"https:\/\/catwatches.com\/#organization","name":"Cat Watches","url":"https:\/\/catwatches.com\/","logo":{"@type":"ImageObject","inLanguage":"es","@id":"https:\/\/catwatches.com\/#\/schema\/logo\/image\/","url":"https:\/\/catwatches.com\/wp-content\/uploads\/2023\/05\/CAT_Logo.svg","contentUrl":"https:\/\/catwatches.com\/wp-content\/uploads\/2023\/05\/CAT_Logo.svg","width":67.2,"height":50,"caption":"Cat Watches"},"image":{"@id":"https:\/\/catwatches.com\/#\/schema\/logo\/image\/"},"sameAs":["https:\/\/www.facebook.com\/catwatches\/","https:\/\/www.instagram.com\/catwatches\/","https:\/\/www.youtube.com\/@mycatwatches"],"actionableFeedbackPolicy":"https:\/\/catwatches.com\/payment-delivery-returns\/"}]},"product_brand":"Tokio","product_price_amount":"145.00","product_price_currency":"EUR","og_availability":"out of stock","product_availability":"out of stock","product_retailer_item_id":"AJ.191.35.129","product_condition":"new"},"_links":{"self":[{"href":"https:\/\/catwatches.com\/es\/wp-json\/wp\/v2\/product\/15036","targetHints":{"allow":["GET"]}}],"collection":[{"href":"https:\/\/catwatches.com\/es\/wp-json\/wp\/v2\/product"}],"about":[{"href":"https:\/\/catwatches.com\/es\/wp-json\/wp\/v2\/types\/product"}],"replies":[{"embeddable":true,"href":"https:\/\/catwatches.com\/es\/wp-json\/wp\/v2\/comments?post=15036"}],"version-history":[{"count":1,"href":"https:\/\/catwatches.com\/es\/wp-json\/wp\/v2\/product\/15036\/revisions"}],"predecessor-version":[{"id":15048,"href":"https:\/\/catwatches.com\/es\/wp-json\/wp\/v2\/product\/15036\/revisions\/15048"}],"wp:featuredmedia":[{"embeddable":true,"href":"https:\/\/catwatches.com\/es\/wp-json\/wp\/v2\/media\/13115"}],"wp:attachment":[{"href":"https:\/\/catwatches.com\/es\/wp-json\/wp\/v2\/media?parent=15036"}],"wp:term":[{"taxonomy":"product_brand","embeddable":true,"href":"https:\/\/catwatches.com\/es\/wp-json\/wp\/v2\/product_brand?post=15036"},{"taxonomy":"product_cat","embeddable":true,"href":"https:\/\/catwatches.com\/es\/wp-json\/wp\/v2\/product_cat?post=15036"},{"taxonomy":"product_tag","embeddable":true,"href":"https:\/\/catwatches.com\/es\/wp-json\/wp\/v2\/product_tag?post=15036"}],"curies":[{"name":"wp","href":"https:\/\/api.w.org\/{rel}","templated":true}]}}