{"id":15003,"date":"2023-05-27T06:54:09","date_gmt":"2023-05-27T06:54:09","guid":{"rendered":"https:\/\/catwatches.com\/product\/multi-negro-amarillo\/"},"modified":"2024-03-20T09:53:54","modified_gmt":"2024-03-20T09:53:54","slug":"multi-negro-amarillo","status":"publish","type":"product","link":"https:\/\/catwatches.com\/es\/product\/moto-multi-es\/multi-negro-amarillo\/","title":{"rendered":"Multi Negro Amarillo"},"content":{"rendered":"<h3>PRECISI\u00d3N DEL CIRCUITO<\/h3>\n<p>Conoce Moto, donde el coraz\u00f3n del automovilismo late en cada tick. Este reloj no s\u00f3lo da la hora, sino que encarna la precisi\u00f3n de los circuitos con su est\u00e9tica de carreras y su esfera multifunci\u00f3n. Con Moto, no s\u00f3lo llevar\u00e1s un reloj; estar\u00e1s preparado para cualquier aventura que te aguarde en el camino.<\/p>\n","protected":false},"excerpt":{"rendered":"<p>PRECISI\u00d3N DEL CIRCUITO Conoce Moto, donde el coraz\u00f3n del automovilismo late en cada tick. Este reloj no s\u00f3lo da la hora, sino que encarna la precisi\u00f3n de los circuitos con su est\u00e9tica de carreras y su esfera multifunci\u00f3n. Con Moto, no s\u00f3lo llevar\u00e1s un reloj; estar\u00e1s preparado para cualquier aventura que te aguarde en el [&hellip;]<\/p>\n","protected":false},"featured_media":13464,"comment_status":"open","ping_status":"closed","template":"","meta":{"_acf_changed":false},"product_brand":[],"product_cat":[778],"product_tag":[],"class_list":{"0":"post-15003","1":"product","2":"type-product","3":"status-publish","4":"has-post-thumbnail","6":"product_cat-moto-multi-es","7":"pa_color-amarillo","8":"pa_color-negro","9":"pa_features-multi-dial-es","10":"pa_gender-hombre","12":"first","13":"outofstock","14":"shipping-taxable","15":"purchasable","16":"product-type-simple"},"acf":[],"yoast_head":"<!-- This site is optimized with the Yoast SEO Premium plugin v27.3 (Yoast SEO v27.3) - https:\/\/yoast.com\/product\/yoast-seo-premium-wordpress\/ -->\n<title>Multi Negro Amarillo - Cat Watches<\/title>\n<meta name=\"robots\" content=\"index, follow, max-snippet:-1, max-image-preview:large, max-video-preview:-1\" \/>\n<link rel=\"canonical\" href=\"https:\/\/catwatches.com\/product\/moto-multi\/moto-multi-black-yellow\/\" \/>\n<meta property=\"og:locale\" content=\"es_ES\" \/>\n<meta property=\"og:type\" content=\"article\" \/>\n<meta property=\"og:title\" content=\"Multi Negro Amarillo\" \/>\n<meta property=\"og:description\" content=\"PRECISI\u00d3N DEL CIRCUITO Conoce Moto, donde el coraz\u00f3n del automovilismo late en cada tick. Este reloj no s\u00f3lo da la hora, sino que encarna la precisi\u00f3n de los circuitos con su est\u00e9tica de carreras y su esfera multifunci\u00f3n. Con Moto, no s\u00f3lo llevar\u00e1s un reloj; estar\u00e1s preparado para cualquier aventura que te aguarde en el [&hellip;]\" \/>\n<meta property=\"og:url\" content=\"https:\/\/catwatches.com\/product\/moto-multi\/moto-multi-black-yellow\/\" \/>\n<meta property=\"og:site_name\" content=\"Cat Watches\" \/>\n<meta property=\"article:publisher\" content=\"https:\/\/www.facebook.com\/catwatches\/\" \/>\n<meta property=\"article:modified_time\" content=\"2024-03-20T09:53:54+00:00\" \/>\n<meta property=\"og:image\" content=\"https:\/\/catwatches.com\/wp-content\/uploads\/2023\/05\/PZ.149.21.121.png\" \/>\n\t<meta property=\"og:image:width\" content=\"590\" \/>\n\t<meta property=\"og:image:height\" content=\"780\" \/>\n\t<meta property=\"og:image:type\" content=\"image\/png\" \/>\n<meta name=\"twitter:card\" content=\"summary_large_image\" \/>\n<meta name=\"twitter:label1\" content=\"Precio\" \/>\n\t<meta name=\"twitter:data1\" content=\"\u20ac165.00\" \/>\n\t<meta name=\"twitter:label2\" content=\"Disponibilidad\" \/>\n\t<meta name=\"twitter:data2\" content=\"Sin existencias\" \/>\n<script type=\"application\/ld+json\" class=\"yoast-schema-graph\">{\"@context\":\"https:\\\/\\\/schema.org\",\"@graph\":[{\"@type\":\"WebPage\",\"@id\":\"https:\\\/\\\/catwatches.com\\\/product\\\/moto-multi\\\/moto-multi-black-yellow\\\/\",\"url\":\"https:\\\/\\\/catwatches.com\\\/product\\\/moto-multi\\\/moto-multi-black-yellow\\\/\",\"name\":\"Multi Negro Amarillo - Cat Watches\",\"isPartOf\":{\"@id\":\"https:\\\/\\\/catwatches.com\\\/#website\"},\"primaryImageOfPage\":{\"@id\":\"https:\\\/\\\/catwatches.com\\\/product\\\/moto-multi\\\/moto-multi-black-yellow\\\/#primaryimage\"},\"image\":{\"@id\":\"https:\\\/\\\/catwatches.com\\\/product\\\/moto-multi\\\/moto-multi-black-yellow\\\/#primaryimage\"},\"thumbnailUrl\":\"https:\\\/\\\/catwatches.com\\\/wp-content\\\/uploads\\\/2023\\\/05\\\/PZ.149.21.121.png\",\"datePublished\":\"2023-05-27T06:54:09+00:00\",\"dateModified\":\"2024-03-20T09:53:54+00:00\",\"breadcrumb\":{\"@id\":\"https:\\\/\\\/catwatches.com\\\/product\\\/moto-multi\\\/moto-multi-black-yellow\\\/#breadcrumb\"},\"inLanguage\":\"es\",\"potentialAction\":[{\"@type\":\"ReadAction\",\"target\":[\"https:\\\/\\\/catwatches.com\\\/product\\\/moto-multi\\\/moto-multi-black-yellow\\\/\"]}]},{\"@type\":\"ImageObject\",\"inLanguage\":\"es\",\"@id\":\"https:\\\/\\\/catwatches.com\\\/product\\\/moto-multi\\\/moto-multi-black-yellow\\\/#primaryimage\",\"url\":\"https:\\\/\\\/catwatches.com\\\/wp-content\\\/uploads\\\/2023\\\/05\\\/PZ.149.21.121.png\",\"contentUrl\":\"https:\\\/\\\/catwatches.com\\\/wp-content\\\/uploads\\\/2023\\\/05\\\/PZ.149.21.121.png\",\"width\":590,\"height\":780},{\"@type\":\"BreadcrumbList\",\"@id\":\"https:\\\/\\\/catwatches.com\\\/product\\\/moto-multi\\\/moto-multi-black-yellow\\\/#breadcrumb\",\"itemListElement\":[{\"@type\":\"ListItem\",\"position\":1,\"name\":\"Home\",\"item\":\"https:\\\/\\\/catwatches.com\\\/\"},{\"@type\":\"ListItem\",\"position\":2,\"name\":\"Tienda\",\"item\":\"https:\\\/\\\/catwatches.com\\\/es\\\/tienda\\\/\"},{\"@type\":\"ListItem\",\"position\":3,\"name\":\"Multi Negro Amarillo\"}]},{\"@type\":\"WebSite\",\"@id\":\"https:\\\/\\\/catwatches.com\\\/#website\",\"url\":\"https:\\\/\\\/catwatches.com\\\/\",\"name\":\"Cat Watches\",\"description\":\"\",\"publisher\":{\"@id\":\"https:\\\/\\\/catwatches.com\\\/#organization\"},\"potentialAction\":[{\"@type\":\"SearchAction\",\"target\":{\"@type\":\"EntryPoint\",\"urlTemplate\":\"https:\\\/\\\/catwatches.com\\\/?s={search_term_string}\"},\"query-input\":{\"@type\":\"PropertyValueSpecification\",\"valueRequired\":true,\"valueName\":\"search_term_string\"}}],\"inLanguage\":\"es\"},{\"@type\":\"Organization\",\"@id\":\"https:\\\/\\\/catwatches.com\\\/#organization\",\"name\":\"Cat Watches\",\"url\":\"https:\\\/\\\/catwatches.com\\\/\",\"logo\":{\"@type\":\"ImageObject\",\"inLanguage\":\"es\",\"@id\":\"https:\\\/\\\/catwatches.com\\\/#\\\/schema\\\/logo\\\/image\\\/\",\"url\":\"https:\\\/\\\/catwatches.com\\\/wp-content\\\/uploads\\\/2023\\\/05\\\/CAT_Logo.svg\",\"contentUrl\":\"https:\\\/\\\/catwatches.com\\\/wp-content\\\/uploads\\\/2023\\\/05\\\/CAT_Logo.svg\",\"width\":67.2,\"height\":50,\"caption\":\"Cat Watches\"},\"image\":{\"@id\":\"https:\\\/\\\/catwatches.com\\\/#\\\/schema\\\/logo\\\/image\\\/\"},\"sameAs\":[\"https:\\\/\\\/www.facebook.com\\\/catwatches\\\/\",\"https:\\\/\\\/www.instagram.com\\\/catwatches\\\/\",\"https:\\\/\\\/www.youtube.com\\\/@mycatwatches\"],\"actionableFeedbackPolicy\":\"https:\\\/\\\/catwatches.com\\\/payment-delivery-returns\\\/\"}]}<\/script>\n<meta property=\"product:brand\" content=\"MOTO MULTI\" \/>\n<meta property=\"product:price:amount\" content=\"165.00\" \/>\n<meta property=\"product:price:currency\" content=\"EUR\" \/>\n<meta property=\"og:availability\" content=\"out of stock\" \/>\n<meta property=\"product:availability\" content=\"out of stock\" \/>\n<meta property=\"product:retailer_item_id\" content=\"PZ.149.21.121\" \/>\n<meta property=\"product:condition\" content=\"new\" \/>\n<!-- \/ Yoast SEO Premium plugin. -->","yoast_head_json":{"title":"Multi Negro Amarillo - Cat Watches","robots":{"index":"index","follow":"follow","max-snippet":"max-snippet:-1","max-image-preview":"max-image-preview:large","max-video-preview":"max-video-preview:-1"},"canonical":"https:\/\/catwatches.com\/product\/moto-multi\/moto-multi-black-yellow\/","og_locale":"es_ES","og_type":"article","og_title":"Multi Negro Amarillo","og_description":"PRECISI\u00d3N DEL CIRCUITO Conoce Moto, donde el coraz\u00f3n del automovilismo late en cada tick. Este reloj no s\u00f3lo da la hora, sino que encarna la precisi\u00f3n de los circuitos con su est\u00e9tica de carreras y su esfera multifunci\u00f3n. Con Moto, no s\u00f3lo llevar\u00e1s un reloj; estar\u00e1s preparado para cualquier aventura que te aguarde en el [&hellip;]","og_url":"https:\/\/catwatches.com\/product\/moto-multi\/moto-multi-black-yellow\/","og_site_name":"Cat Watches","article_publisher":"https:\/\/www.facebook.com\/catwatches\/","article_modified_time":"2024-03-20T09:53:54+00:00","og_image":[{"width":590,"height":780,"url":"https:\/\/catwatches.com\/wp-content\/uploads\/2023\/05\/PZ.149.21.121.png","type":"image\/png"}],"twitter_card":"summary_large_image","twitter_misc":{"Precio":"\u20ac165.00","Disponibilidad":"Sin existencias"},"schema":{"@context":"https:\/\/schema.org","@graph":[{"@type":"WebPage","@id":"https:\/\/catwatches.com\/product\/moto-multi\/moto-multi-black-yellow\/","url":"https:\/\/catwatches.com\/product\/moto-multi\/moto-multi-black-yellow\/","name":"Multi Negro Amarillo - Cat Watches","isPartOf":{"@id":"https:\/\/catwatches.com\/#website"},"primaryImageOfPage":{"@id":"https:\/\/catwatches.com\/product\/moto-multi\/moto-multi-black-yellow\/#primaryimage"},"image":{"@id":"https:\/\/catwatches.com\/product\/moto-multi\/moto-multi-black-yellow\/#primaryimage"},"thumbnailUrl":"https:\/\/catwatches.com\/wp-content\/uploads\/2023\/05\/PZ.149.21.121.png","datePublished":"2023-05-27T06:54:09+00:00","dateModified":"2024-03-20T09:53:54+00:00","breadcrumb":{"@id":"https:\/\/catwatches.com\/product\/moto-multi\/moto-multi-black-yellow\/#breadcrumb"},"inLanguage":"es","potentialAction":[{"@type":"ReadAction","target":["https:\/\/catwatches.com\/product\/moto-multi\/moto-multi-black-yellow\/"]}]},{"@type":"ImageObject","inLanguage":"es","@id":"https:\/\/catwatches.com\/product\/moto-multi\/moto-multi-black-yellow\/#primaryimage","url":"https:\/\/catwatches.com\/wp-content\/uploads\/2023\/05\/PZ.149.21.121.png","contentUrl":"https:\/\/catwatches.com\/wp-content\/uploads\/2023\/05\/PZ.149.21.121.png","width":590,"height":780},{"@type":"BreadcrumbList","@id":"https:\/\/catwatches.com\/product\/moto-multi\/moto-multi-black-yellow\/#breadcrumb","itemListElement":[{"@type":"ListItem","position":1,"name":"Home","item":"https:\/\/catwatches.com\/"},{"@type":"ListItem","position":2,"name":"Tienda","item":"https:\/\/catwatches.com\/es\/tienda\/"},{"@type":"ListItem","position":3,"name":"Multi Negro Amarillo"}]},{"@type":"WebSite","@id":"https:\/\/catwatches.com\/#website","url":"https:\/\/catwatches.com\/","name":"Cat Watches","description":"","publisher":{"@id":"https:\/\/catwatches.com\/#organization"},"potentialAction":[{"@type":"SearchAction","target":{"@type":"EntryPoint","urlTemplate":"https:\/\/catwatches.com\/?s={search_term_string}"},"query-input":{"@type":"PropertyValueSpecification","valueRequired":true,"valueName":"search_term_string"}}],"inLanguage":"es"},{"@type":"Organization","@id":"https:\/\/catwatches.com\/#organization","name":"Cat Watches","url":"https:\/\/catwatches.com\/","logo":{"@type":"ImageObject","inLanguage":"es","@id":"https:\/\/catwatches.com\/#\/schema\/logo\/image\/","url":"https:\/\/catwatches.com\/wp-content\/uploads\/2023\/05\/CAT_Logo.svg","contentUrl":"https:\/\/catwatches.com\/wp-content\/uploads\/2023\/05\/CAT_Logo.svg","width":67.2,"height":50,"caption":"Cat Watches"},"image":{"@id":"https:\/\/catwatches.com\/#\/schema\/logo\/image\/"},"sameAs":["https:\/\/www.facebook.com\/catwatches\/","https:\/\/www.instagram.com\/catwatches\/","https:\/\/www.youtube.com\/@mycatwatches"],"actionableFeedbackPolicy":"https:\/\/catwatches.com\/payment-delivery-returns\/"}]},"product_brand":"MOTO MULTI","product_price_amount":"165.00","product_price_currency":"EUR","og_availability":"out of stock","product_availability":"out of stock","product_retailer_item_id":"PZ.149.21.121","product_condition":"new"},"_links":{"self":[{"href":"https:\/\/catwatches.com\/es\/wp-json\/wp\/v2\/product\/15003","targetHints":{"allow":["GET"]}}],"collection":[{"href":"https:\/\/catwatches.com\/es\/wp-json\/wp\/v2\/product"}],"about":[{"href":"https:\/\/catwatches.com\/es\/wp-json\/wp\/v2\/types\/product"}],"replies":[{"embeddable":true,"href":"https:\/\/catwatches.com\/es\/wp-json\/wp\/v2\/comments?post=15003"}],"version-history":[{"count":1,"href":"https:\/\/catwatches.com\/es\/wp-json\/wp\/v2\/product\/15003\/revisions"}],"predecessor-version":[{"id":15016,"href":"https:\/\/catwatches.com\/es\/wp-json\/wp\/v2\/product\/15003\/revisions\/15016"}],"wp:featuredmedia":[{"embeddable":true,"href":"https:\/\/catwatches.com\/es\/wp-json\/wp\/v2\/media\/13464"}],"wp:attachment":[{"href":"https:\/\/catwatches.com\/es\/wp-json\/wp\/v2\/media?parent=15003"}],"wp:term":[{"taxonomy":"product_brand","embeddable":true,"href":"https:\/\/catwatches.com\/es\/wp-json\/wp\/v2\/product_brand?post=15003"},{"taxonomy":"product_cat","embeddable":true,"href":"https:\/\/catwatches.com\/es\/wp-json\/wp\/v2\/product_cat?post=15003"},{"taxonomy":"product_tag","embeddable":true,"href":"https:\/\/catwatches.com\/es\/wp-json\/wp\/v2\/product_tag?post=15003"}],"curies":[{"name":"wp","href":"https:\/\/api.w.org\/{rel}","templated":true}]}}