{"id":14989,"date":"2023-10-05T13:54:41","date_gmt":"2023-10-05T13:54:41","guid":{"rendered":"https:\/\/catwatches.com\/product\/negro-blanco\/"},"modified":"2024-08-20T06:33:30","modified_gmt":"2024-08-20T06:33:30","slug":"negro-blanco","status":"publish","type":"product","link":"https:\/\/catwatches.com\/es\/product\/oceania-es\/negro-blanco\/","title":{"rendered":"Negro Blanco"},"content":{"rendered":"<h3>HAZ OLAS CON OCEAN\u00cdA<\/h3>\n<p>  Cada reloj lleva una caja fabricada con pl\u00e1stico oce\u00e1nico reciclado #tideoceanmaterial; un material premiado producido por Tide Ocean, una organizaci\u00f3n dedicada a transformar los pl\u00e1sticos oce\u00e1nicos en materias primas para utilizarlas en la fabricaci\u00f3n de productos cotidianos, trabajando por un futuro m\u00e1s sostenible sin renunciar a la calidad. Este reloj se entrega en un estuche de regalo hecho a medida con cart\u00f3n reciclado.<\/p>\n","protected":false},"excerpt":{"rendered":"<p>HAZ OLAS CON OCEAN\u00cdA Cada reloj lleva una caja fabricada con pl\u00e1stico oce\u00e1nico reciclado #tideoceanmaterial; un material premiado producido por Tide Ocean, una organizaci\u00f3n dedicada a transformar los pl\u00e1sticos oce\u00e1nicos en materias primas para utilizarlas en la fabricaci\u00f3n de productos cotidianos, trabajando por un futuro m\u00e1s sostenible sin renunciar a la calidad. Este reloj se [&hellip;]<\/p>\n","protected":false},"featured_media":18224,"comment_status":"open","ping_status":"closed","template":"","meta":{"_acf_changed":false},"product_brand":[],"product_cat":[792],"product_tag":[],"class_list":{"0":"post-14989","1":"product","2":"type-product","3":"status-publish","4":"has-post-thumbnail","6":"product_cat-oceania-es","7":"pa_color-negro","8":"pa_features-material-reciclado","9":"pa_gender-hombre","11":"first","12":"outofstock","13":"shipping-taxable","14":"purchasable","15":"product-type-simple"},"acf":[],"yoast_head":"<!-- This site is optimized with the Yoast SEO Premium plugin v27.3 (Yoast SEO v27.3) - https:\/\/yoast.com\/product\/yoast-seo-premium-wordpress\/ -->\n<title>Negro Blanco - Cat Watches<\/title>\n<meta name=\"robots\" content=\"index, follow, max-snippet:-1, max-image-preview:large, max-video-preview:-1\" \/>\n<link rel=\"canonical\" href=\"https:\/\/catwatches.com\/es\/product\/oceania-es\/negro-blanco\/\" \/>\n<meta property=\"og:locale\" content=\"es_ES\" \/>\n<meta property=\"og:type\" content=\"article\" \/>\n<meta property=\"og:title\" content=\"Negro Blanco\" \/>\n<meta property=\"og:description\" content=\"HAZ OLAS CON OCEAN\u00cdA Cada reloj lleva una caja fabricada con pl\u00e1stico oce\u00e1nico reciclado #tideoceanmaterial; un material premiado producido por Tide Ocean, una organizaci\u00f3n dedicada a transformar los pl\u00e1sticos oce\u00e1nicos en materias primas para utilizarlas en la fabricaci\u00f3n de productos cotidianos, trabajando por un futuro m\u00e1s sostenible sin renunciar a la calidad. Este reloj se [&hellip;]\" \/>\n<meta property=\"og:url\" content=\"https:\/\/catwatches.com\/es\/product\/oceania-es\/negro-blanco\/\" \/>\n<meta property=\"og:site_name\" content=\"Cat Watches\" \/>\n<meta property=\"article:publisher\" content=\"https:\/\/www.facebook.com\/catwatches\/\" \/>\n<meta property=\"article:modified_time\" content=\"2024-08-20T06:33:30+00:00\" \/>\n<meta property=\"og:image\" content=\"https:\/\/catwatches.com\/wp-content\/uploads\/2023\/10\/LQ.161.21.132-3.png\" \/>\n\t<meta property=\"og:image:width\" content=\"590\" \/>\n\t<meta property=\"og:image:height\" content=\"780\" \/>\n\t<meta property=\"og:image:type\" content=\"image\/png\" \/>\n<meta name=\"twitter:card\" content=\"summary_large_image\" \/>\n<meta name=\"twitter:label1\" content=\"Precio\" \/>\n\t<meta name=\"twitter:data1\" content=\"\u20ac89.00\" \/>\n\t<meta name=\"twitter:label2\" content=\"Disponibilidad\" \/>\n\t<meta name=\"twitter:data2\" content=\"Sin existencias\" \/>\n<script type=\"application\/ld+json\" class=\"yoast-schema-graph\">{\"@context\":\"https:\\\/\\\/schema.org\",\"@graph\":[{\"@type\":\"WebPage\",\"@id\":\"https:\\\/\\\/catwatches.com\\\/es\\\/product\\\/oceania-es\\\/negro-blanco\\\/\",\"url\":\"https:\\\/\\\/catwatches.com\\\/es\\\/product\\\/oceania-es\\\/negro-blanco\\\/\",\"name\":\"Negro Blanco - Cat Watches\",\"isPartOf\":{\"@id\":\"https:\\\/\\\/catwatches.com\\\/#website\"},\"primaryImageOfPage\":{\"@id\":\"https:\\\/\\\/catwatches.com\\\/es\\\/product\\\/oceania-es\\\/negro-blanco\\\/#primaryimage\"},\"image\":{\"@id\":\"https:\\\/\\\/catwatches.com\\\/es\\\/product\\\/oceania-es\\\/negro-blanco\\\/#primaryimage\"},\"thumbnailUrl\":\"https:\\\/\\\/catwatches.com\\\/wp-content\\\/uploads\\\/2023\\\/10\\\/LQ.161.21.132-3.png\",\"datePublished\":\"2023-10-05T13:54:41+00:00\",\"dateModified\":\"2024-08-20T06:33:30+00:00\",\"breadcrumb\":{\"@id\":\"https:\\\/\\\/catwatches.com\\\/es\\\/product\\\/oceania-es\\\/negro-blanco\\\/#breadcrumb\"},\"inLanguage\":\"es\",\"potentialAction\":[{\"@type\":\"ReadAction\",\"target\":[\"https:\\\/\\\/catwatches.com\\\/es\\\/product\\\/oceania-es\\\/negro-blanco\\\/\"]}]},{\"@type\":\"ImageObject\",\"inLanguage\":\"es\",\"@id\":\"https:\\\/\\\/catwatches.com\\\/es\\\/product\\\/oceania-es\\\/negro-blanco\\\/#primaryimage\",\"url\":\"https:\\\/\\\/catwatches.com\\\/wp-content\\\/uploads\\\/2023\\\/10\\\/LQ.161.21.132-3.png\",\"contentUrl\":\"https:\\\/\\\/catwatches.com\\\/wp-content\\\/uploads\\\/2023\\\/10\\\/LQ.161.21.132-3.png\",\"width\":590,\"height\":780},{\"@type\":\"BreadcrumbList\",\"@id\":\"https:\\\/\\\/catwatches.com\\\/es\\\/product\\\/oceania-es\\\/negro-blanco\\\/#breadcrumb\",\"itemListElement\":[{\"@type\":\"ListItem\",\"position\":1,\"name\":\"Home\",\"item\":\"https:\\\/\\\/catwatches.com\\\/\"},{\"@type\":\"ListItem\",\"position\":2,\"name\":\"Tienda\",\"item\":\"https:\\\/\\\/catwatches.com\\\/es\\\/tienda\\\/\"},{\"@type\":\"ListItem\",\"position\":3,\"name\":\"Negro Blanco\"}]},{\"@type\":\"WebSite\",\"@id\":\"https:\\\/\\\/catwatches.com\\\/#website\",\"url\":\"https:\\\/\\\/catwatches.com\\\/\",\"name\":\"Cat Watches\",\"description\":\"\",\"publisher\":{\"@id\":\"https:\\\/\\\/catwatches.com\\\/#organization\"},\"potentialAction\":[{\"@type\":\"SearchAction\",\"target\":{\"@type\":\"EntryPoint\",\"urlTemplate\":\"https:\\\/\\\/catwatches.com\\\/?s={search_term_string}\"},\"query-input\":{\"@type\":\"PropertyValueSpecification\",\"valueRequired\":true,\"valueName\":\"search_term_string\"}}],\"inLanguage\":\"es\"},{\"@type\":\"Organization\",\"@id\":\"https:\\\/\\\/catwatches.com\\\/#organization\",\"name\":\"Cat Watches\",\"url\":\"https:\\\/\\\/catwatches.com\\\/\",\"logo\":{\"@type\":\"ImageObject\",\"inLanguage\":\"es\",\"@id\":\"https:\\\/\\\/catwatches.com\\\/#\\\/schema\\\/logo\\\/image\\\/\",\"url\":\"https:\\\/\\\/catwatches.com\\\/wp-content\\\/uploads\\\/2023\\\/05\\\/CAT_Logo.svg\",\"contentUrl\":\"https:\\\/\\\/catwatches.com\\\/wp-content\\\/uploads\\\/2023\\\/05\\\/CAT_Logo.svg\",\"width\":67.2,\"height\":50,\"caption\":\"Cat Watches\"},\"image\":{\"@id\":\"https:\\\/\\\/catwatches.com\\\/#\\\/schema\\\/logo\\\/image\\\/\"},\"sameAs\":[\"https:\\\/\\\/www.facebook.com\\\/catwatches\\\/\",\"https:\\\/\\\/www.instagram.com\\\/catwatches\\\/\",\"https:\\\/\\\/www.youtube.com\\\/@mycatwatches\"],\"actionableFeedbackPolicy\":\"https:\\\/\\\/catwatches.com\\\/payment-delivery-returns\\\/\"}]}<\/script>\n<meta property=\"product:brand\" content=\"Ocean\u00eda\" \/>\n<meta property=\"product:price:amount\" content=\"89.00\" \/>\n<meta property=\"product:price:currency\" content=\"EUR\" \/>\n<meta property=\"og:availability\" content=\"out of stock\" \/>\n<meta property=\"product:availability\" content=\"out of stock\" \/>\n<meta property=\"product:retailer_item_id\" content=\"LQ.161.21.132\" \/>\n<meta property=\"product:condition\" content=\"new\" \/>\n<!-- \/ Yoast SEO Premium plugin. -->","yoast_head_json":{"title":"Negro Blanco - Cat Watches","robots":{"index":"index","follow":"follow","max-snippet":"max-snippet:-1","max-image-preview":"max-image-preview:large","max-video-preview":"max-video-preview:-1"},"canonical":"https:\/\/catwatches.com\/es\/product\/oceania-es\/negro-blanco\/","og_locale":"es_ES","og_type":"article","og_title":"Negro Blanco","og_description":"HAZ OLAS CON OCEAN\u00cdA Cada reloj lleva una caja fabricada con pl\u00e1stico oce\u00e1nico reciclado #tideoceanmaterial; un material premiado producido por Tide Ocean, una organizaci\u00f3n dedicada a transformar los pl\u00e1sticos oce\u00e1nicos en materias primas para utilizarlas en la fabricaci\u00f3n de productos cotidianos, trabajando por un futuro m\u00e1s sostenible sin renunciar a la calidad. Este reloj se [&hellip;]","og_url":"https:\/\/catwatches.com\/es\/product\/oceania-es\/negro-blanco\/","og_site_name":"Cat Watches","article_publisher":"https:\/\/www.facebook.com\/catwatches\/","article_modified_time":"2024-08-20T06:33:30+00:00","og_image":[{"width":590,"height":780,"url":"https:\/\/catwatches.com\/wp-content\/uploads\/2023\/10\/LQ.161.21.132-3.png","type":"image\/png"}],"twitter_card":"summary_large_image","twitter_misc":{"Precio":"\u20ac89.00","Disponibilidad":"Sin existencias"},"schema":{"@context":"https:\/\/schema.org","@graph":[{"@type":"WebPage","@id":"https:\/\/catwatches.com\/es\/product\/oceania-es\/negro-blanco\/","url":"https:\/\/catwatches.com\/es\/product\/oceania-es\/negro-blanco\/","name":"Negro Blanco - Cat Watches","isPartOf":{"@id":"https:\/\/catwatches.com\/#website"},"primaryImageOfPage":{"@id":"https:\/\/catwatches.com\/es\/product\/oceania-es\/negro-blanco\/#primaryimage"},"image":{"@id":"https:\/\/catwatches.com\/es\/product\/oceania-es\/negro-blanco\/#primaryimage"},"thumbnailUrl":"https:\/\/catwatches.com\/wp-content\/uploads\/2023\/10\/LQ.161.21.132-3.png","datePublished":"2023-10-05T13:54:41+00:00","dateModified":"2024-08-20T06:33:30+00:00","breadcrumb":{"@id":"https:\/\/catwatches.com\/es\/product\/oceania-es\/negro-blanco\/#breadcrumb"},"inLanguage":"es","potentialAction":[{"@type":"ReadAction","target":["https:\/\/catwatches.com\/es\/product\/oceania-es\/negro-blanco\/"]}]},{"@type":"ImageObject","inLanguage":"es","@id":"https:\/\/catwatches.com\/es\/product\/oceania-es\/negro-blanco\/#primaryimage","url":"https:\/\/catwatches.com\/wp-content\/uploads\/2023\/10\/LQ.161.21.132-3.png","contentUrl":"https:\/\/catwatches.com\/wp-content\/uploads\/2023\/10\/LQ.161.21.132-3.png","width":590,"height":780},{"@type":"BreadcrumbList","@id":"https:\/\/catwatches.com\/es\/product\/oceania-es\/negro-blanco\/#breadcrumb","itemListElement":[{"@type":"ListItem","position":1,"name":"Home","item":"https:\/\/catwatches.com\/"},{"@type":"ListItem","position":2,"name":"Tienda","item":"https:\/\/catwatches.com\/es\/tienda\/"},{"@type":"ListItem","position":3,"name":"Negro Blanco"}]},{"@type":"WebSite","@id":"https:\/\/catwatches.com\/#website","url":"https:\/\/catwatches.com\/","name":"Cat Watches","description":"","publisher":{"@id":"https:\/\/catwatches.com\/#organization"},"potentialAction":[{"@type":"SearchAction","target":{"@type":"EntryPoint","urlTemplate":"https:\/\/catwatches.com\/?s={search_term_string}"},"query-input":{"@type":"PropertyValueSpecification","valueRequired":true,"valueName":"search_term_string"}}],"inLanguage":"es"},{"@type":"Organization","@id":"https:\/\/catwatches.com\/#organization","name":"Cat Watches","url":"https:\/\/catwatches.com\/","logo":{"@type":"ImageObject","inLanguage":"es","@id":"https:\/\/catwatches.com\/#\/schema\/logo\/image\/","url":"https:\/\/catwatches.com\/wp-content\/uploads\/2023\/05\/CAT_Logo.svg","contentUrl":"https:\/\/catwatches.com\/wp-content\/uploads\/2023\/05\/CAT_Logo.svg","width":67.2,"height":50,"caption":"Cat Watches"},"image":{"@id":"https:\/\/catwatches.com\/#\/schema\/logo\/image\/"},"sameAs":["https:\/\/www.facebook.com\/catwatches\/","https:\/\/www.instagram.com\/catwatches\/","https:\/\/www.youtube.com\/@mycatwatches"],"actionableFeedbackPolicy":"https:\/\/catwatches.com\/payment-delivery-returns\/"}]},"product_brand":"Ocean\u00eda","product_price_amount":"89.00","product_price_currency":"EUR","og_availability":"out of stock","product_availability":"out of stock","product_retailer_item_id":"LQ.161.21.132","product_condition":"new"},"_links":{"self":[{"href":"https:\/\/catwatches.com\/es\/wp-json\/wp\/v2\/product\/14989","targetHints":{"allow":["GET"]}}],"collection":[{"href":"https:\/\/catwatches.com\/es\/wp-json\/wp\/v2\/product"}],"about":[{"href":"https:\/\/catwatches.com\/es\/wp-json\/wp\/v2\/types\/product"}],"replies":[{"embeddable":true,"href":"https:\/\/catwatches.com\/es\/wp-json\/wp\/v2\/comments?post=14989"}],"version-history":[{"count":2,"href":"https:\/\/catwatches.com\/es\/wp-json\/wp\/v2\/product\/14989\/revisions"}],"predecessor-version":[{"id":22157,"href":"https:\/\/catwatches.com\/es\/wp-json\/wp\/v2\/product\/14989\/revisions\/22157"}],"wp:featuredmedia":[{"embeddable":true,"href":"https:\/\/catwatches.com\/es\/wp-json\/wp\/v2\/media\/18224"}],"wp:attachment":[{"href":"https:\/\/catwatches.com\/es\/wp-json\/wp\/v2\/media?parent=14989"}],"wp:term":[{"taxonomy":"product_brand","embeddable":true,"href":"https:\/\/catwatches.com\/es\/wp-json\/wp\/v2\/product_brand?post=14989"},{"taxonomy":"product_cat","embeddable":true,"href":"https:\/\/catwatches.com\/es\/wp-json\/wp\/v2\/product_cat?post=14989"},{"taxonomy":"product_tag","embeddable":true,"href":"https:\/\/catwatches.com\/es\/wp-json\/wp\/v2\/product_tag?post=14989"}],"curies":[{"name":"wp","href":"https:\/\/api.w.org\/{rel}","templated":true}]}}