{"id":18093,"date":"2024-03-09T07:14:31","date_gmt":"2024-03-09T07:14:31","guid":{"rendered":"https:\/\/catwatches.com\/pagina-de-prueba-de-idiomas\/"},"modified":"2024-03-09T07:14:31","modified_gmt":"2024-03-09T07:14:31","slug":"pagina-de-prueba-de-idiomas","status":"publish","type":"page","link":"https:\/\/catwatches.com\/es\/pagina-de-prueba-de-idiomas\/","title":{"rendered":"p\u00e1gina de prueba de idiomas"},"content":{"rendered":"<p>Bienvenido a Timepiece Elegance, su principal destino para encontrar relojes exquisitos que combinan a la perfecci\u00f3n estilo y funcionalidad. Nuestra colecci\u00f3n, cuidadosamente seleccionada, exhibe una amplia gama de relojes, cada uno de ellos elegido a mano por su artesan\u00eda superior y su dise\u00f1o atemporal. Tanto si es usted un entusiasta de los relojes como si busca un accesorio exclusivo, Timepiece Elegance satisface todos los gustos y preferencias.<\/p>\n<p>Descubra un mundo de ingenier\u00eda de precisi\u00f3n y est\u00e9tica incomparable explorando nuestra amplia selecci\u00f3n de relojes de marcas de renombre y artesanos emergentes por igual. Desde relojes anal\u00f3gicos cl\u00e1sicos hasta smartwatches de \u00faltima generaci\u00f3n, nuestro inventario est\u00e1 cuidadosamente seleccionado para adaptarse a distintos estilos de vida. Sum\u00e9rjase en el arte de la relojer\u00eda leyendo nuestras detalladas descripciones de productos e im\u00e1genes de alta resoluci\u00f3n, que le permitir\u00e1n conocer a fondo las caracter\u00edsticas \u00fanicas de cada reloj.<\/p>\n<p>En Timepiece Elegance, damos prioridad no s\u00f3lo a la est\u00e9tica de nuestros relojes, sino tambi\u00e9n a la satisfacci\u00f3n de nuestros clientes. Nuestro sitio web, f\u00e1cil de usar, garantiza una experiencia de compra perfecta, con opciones de pago seguras y un env\u00edo eficaz. Tanto si compra para una ocasi\u00f3n especial como si simplemente desea darse un capricho, Timepiece Elegance es su destino para encontrar relojes excepcionales que trascienden los l\u00edmites del cronometraje y encarnan la combinaci\u00f3n perfecta de elegancia y funcionalidad.<\/p>\n","protected":false},"excerpt":{"rendered":"<p>Bienvenido a Timepiece Elegance, su principal destino para encontrar relojes exquisitos que combinan a la perfecci\u00f3n estilo y funcionalidad. Nuestra colecci\u00f3n, cuidadosamente seleccionada, exhibe una amplia gama de relojes, cada uno de ellos elegido a mano por su artesan\u00eda superior y su dise\u00f1o atemporal. Tanto si es usted un entusiasta de los relojes como si [&hellip;]<\/p>\n","protected":false},"author":1,"featured_media":0,"parent":0,"menu_order":0,"comment_status":"closed","ping_status":"closed","template":"","meta":{"_acf_changed":false,"footnotes":""},"class_list":["post-18093","page","type-page","status-publish","hentry"],"acf":[],"yoast_head":"<!-- This site is optimized with the Yoast SEO Premium plugin v27.4 (Yoast SEO v27.5) - https:\/\/yoast.com\/product\/yoast-seo-premium-wordpress\/ -->\n<title>Cat Watches - p\u00e1gina de prueba de idiomas<\/title>\n<meta name=\"robots\" content=\"index, follow, max-snippet:-1, max-image-preview:large, max-video-preview:-1\" \/>\n<link rel=\"canonical\" href=\"https:\/\/catwatches.com\/es\/pagina-de-prueba-de-idiomas\/\" \/>\n<meta property=\"og:locale\" content=\"es_ES\" \/>\n<meta property=\"og:type\" content=\"article\" \/>\n<meta property=\"og:title\" content=\"p\u00e1gina de prueba de idiomas\" \/>\n<meta property=\"og:description\" content=\"Bienvenido a Timepiece Elegance, su principal destino para encontrar relojes exquisitos que combinan a la perfecci\u00f3n estilo y funcionalidad. Nuestra colecci\u00f3n, cuidadosamente seleccionada, exhibe una amplia gama de relojes, cada uno de ellos elegido a mano por su artesan\u00eda superior y su dise\u00f1o atemporal. Tanto si es usted un entusiasta de los relojes como si [&hellip;]\" \/>\n<meta property=\"og:url\" content=\"https:\/\/catwatches.com\/es\/pagina-de-prueba-de-idiomas\/\" \/>\n<meta property=\"og:site_name\" content=\"Cat Watches\" \/>\n<meta property=\"article:publisher\" content=\"https:\/\/www.facebook.com\/catwatches\/\" \/>\n<meta property=\"og:image\" content=\"https:\/\/catwatches.com\/wp-content\/uploads\/2024\/02\/2024-03-11_13-43-16-1024x484.png\" \/>\n\t<meta property=\"og:image:width\" content=\"1024\" \/>\n\t<meta property=\"og:image:height\" content=\"484\" \/>\n\t<meta property=\"og:image:type\" content=\"image\/png\" \/>\n<meta name=\"twitter:card\" content=\"summary_large_image\" \/>\n<meta name=\"twitter:label1\" content=\"Tiempo de lectura\" \/>\n\t<meta name=\"twitter:data1\" content=\"1 minuto\" \/>\n<script type=\"application\/ld+json\" class=\"yoast-schema-graph\">{\"@context\":\"https:\\\/\\\/schema.org\",\"@graph\":[{\"@type\":\"WebPage\",\"@id\":\"https:\\\/\\\/catwatches.com\\\/es\\\/pagina-de-prueba-de-idiomas\\\/\",\"url\":\"https:\\\/\\\/catwatches.com\\\/es\\\/pagina-de-prueba-de-idiomas\\\/\",\"name\":\"Cat Watches - p\u00e1gina de prueba de idiomas\",\"isPartOf\":{\"@id\":\"https:\\\/\\\/catwatches.com\\\/#website\"},\"datePublished\":\"2024-03-09T07:14:31+00:00\",\"breadcrumb\":{\"@id\":\"https:\\\/\\\/catwatches.com\\\/es\\\/pagina-de-prueba-de-idiomas\\\/#breadcrumb\"},\"inLanguage\":\"es\",\"potentialAction\":[{\"@type\":\"ReadAction\",\"target\":[\"https:\\\/\\\/catwatches.com\\\/es\\\/pagina-de-prueba-de-idiomas\\\/\"]}]},{\"@type\":\"BreadcrumbList\",\"@id\":\"https:\\\/\\\/catwatches.com\\\/es\\\/pagina-de-prueba-de-idiomas\\\/#breadcrumb\",\"itemListElement\":[{\"@type\":\"ListItem\",\"position\":1,\"name\":\"Home\",\"item\":\"https:\\\/\\\/catwatches.com\\\/\"},{\"@type\":\"ListItem\",\"position\":2,\"name\":\"p\u00e1gina de prueba de idiomas\"}]},{\"@type\":\"WebSite\",\"@id\":\"https:\\\/\\\/catwatches.com\\\/#website\",\"url\":\"https:\\\/\\\/catwatches.com\\\/\",\"name\":\"Cat Watches\",\"description\":\"\",\"publisher\":{\"@id\":\"https:\\\/\\\/catwatches.com\\\/#organization\"},\"potentialAction\":[{\"@type\":\"SearchAction\",\"target\":{\"@type\":\"EntryPoint\",\"urlTemplate\":\"https:\\\/\\\/catwatches.com\\\/?s={search_term_string}\"},\"query-input\":{\"@type\":\"PropertyValueSpecification\",\"valueRequired\":true,\"valueName\":\"search_term_string\"}}],\"inLanguage\":\"es\"},{\"@type\":\"Organization\",\"@id\":\"https:\\\/\\\/catwatches.com\\\/#organization\",\"name\":\"Cat Watches\",\"url\":\"https:\\\/\\\/catwatches.com\\\/\",\"logo\":{\"@type\":\"ImageObject\",\"inLanguage\":\"es\",\"@id\":\"https:\\\/\\\/catwatches.com\\\/#\\\/schema\\\/logo\\\/image\\\/\",\"url\":\"https:\\\/\\\/catwatches.com\\\/wp-content\\\/uploads\\\/2023\\\/05\\\/CAT_Logo.svg\",\"contentUrl\":\"https:\\\/\\\/catwatches.com\\\/wp-content\\\/uploads\\\/2023\\\/05\\\/CAT_Logo.svg\",\"width\":67.2,\"height\":50,\"caption\":\"Cat Watches\"},\"image\":{\"@id\":\"https:\\\/\\\/catwatches.com\\\/#\\\/schema\\\/logo\\\/image\\\/\"},\"sameAs\":[\"https:\\\/\\\/www.facebook.com\\\/catwatches\\\/\",\"https:\\\/\\\/www.instagram.com\\\/catwatches\\\/\",\"https:\\\/\\\/www.youtube.com\\\/@mycatwatches\"],\"actionableFeedbackPolicy\":\"https:\\\/\\\/catwatches.com\\\/payment-delivery-returns\\\/\"}]}<\/script>\n<!-- \/ Yoast SEO Premium plugin. -->","yoast_head_json":{"title":"Cat Watches - p\u00e1gina de prueba de idiomas","robots":{"index":"index","follow":"follow","max-snippet":"max-snippet:-1","max-image-preview":"max-image-preview:large","max-video-preview":"max-video-preview:-1"},"canonical":"https:\/\/catwatches.com\/es\/pagina-de-prueba-de-idiomas\/","og_locale":"es_ES","og_type":"article","og_title":"p\u00e1gina de prueba de idiomas","og_description":"Bienvenido a Timepiece Elegance, su principal destino para encontrar relojes exquisitos que combinan a la perfecci\u00f3n estilo y funcionalidad. Nuestra colecci\u00f3n, cuidadosamente seleccionada, exhibe una amplia gama de relojes, cada uno de ellos elegido a mano por su artesan\u00eda superior y su dise\u00f1o atemporal. Tanto si es usted un entusiasta de los relojes como si [&hellip;]","og_url":"https:\/\/catwatches.com\/es\/pagina-de-prueba-de-idiomas\/","og_site_name":"Cat Watches","article_publisher":"https:\/\/www.facebook.com\/catwatches\/","og_image":[{"width":1024,"height":484,"url":"https:\/\/catwatches.com\/wp-content\/uploads\/2024\/02\/2024-03-11_13-43-16-1024x484.png","type":"image\/png"}],"twitter_card":"summary_large_image","twitter_misc":{"Tiempo de lectura":"1 minuto"},"schema":{"@context":"https:\/\/schema.org","@graph":[{"@type":"WebPage","@id":"https:\/\/catwatches.com\/es\/pagina-de-prueba-de-idiomas\/","url":"https:\/\/catwatches.com\/es\/pagina-de-prueba-de-idiomas\/","name":"Cat Watches - p\u00e1gina de prueba de idiomas","isPartOf":{"@id":"https:\/\/catwatches.com\/#website"},"datePublished":"2024-03-09T07:14:31+00:00","breadcrumb":{"@id":"https:\/\/catwatches.com\/es\/pagina-de-prueba-de-idiomas\/#breadcrumb"},"inLanguage":"es","potentialAction":[{"@type":"ReadAction","target":["https:\/\/catwatches.com\/es\/pagina-de-prueba-de-idiomas\/"]}]},{"@type":"BreadcrumbList","@id":"https:\/\/catwatches.com\/es\/pagina-de-prueba-de-idiomas\/#breadcrumb","itemListElement":[{"@type":"ListItem","position":1,"name":"Home","item":"https:\/\/catwatches.com\/"},{"@type":"ListItem","position":2,"name":"p\u00e1gina de prueba de idiomas"}]},{"@type":"WebSite","@id":"https:\/\/catwatches.com\/#website","url":"https:\/\/catwatches.com\/","name":"Cat Watches","description":"","publisher":{"@id":"https:\/\/catwatches.com\/#organization"},"potentialAction":[{"@type":"SearchAction","target":{"@type":"EntryPoint","urlTemplate":"https:\/\/catwatches.com\/?s={search_term_string}"},"query-input":{"@type":"PropertyValueSpecification","valueRequired":true,"valueName":"search_term_string"}}],"inLanguage":"es"},{"@type":"Organization","@id":"https:\/\/catwatches.com\/#organization","name":"Cat Watches","url":"https:\/\/catwatches.com\/","logo":{"@type":"ImageObject","inLanguage":"es","@id":"https:\/\/catwatches.com\/#\/schema\/logo\/image\/","url":"https:\/\/catwatches.com\/wp-content\/uploads\/2023\/05\/CAT_Logo.svg","contentUrl":"https:\/\/catwatches.com\/wp-content\/uploads\/2023\/05\/CAT_Logo.svg","width":67.2,"height":50,"caption":"Cat Watches"},"image":{"@id":"https:\/\/catwatches.com\/#\/schema\/logo\/image\/"},"sameAs":["https:\/\/www.facebook.com\/catwatches\/","https:\/\/www.instagram.com\/catwatches\/","https:\/\/www.youtube.com\/@mycatwatches"],"actionableFeedbackPolicy":"https:\/\/catwatches.com\/payment-delivery-returns\/"}]}},"_links":{"self":[{"href":"https:\/\/catwatches.com\/es\/wp-json\/wp\/v2\/pages\/18093","targetHints":{"allow":["GET"]}}],"collection":[{"href":"https:\/\/catwatches.com\/es\/wp-json\/wp\/v2\/pages"}],"about":[{"href":"https:\/\/catwatches.com\/es\/wp-json\/wp\/v2\/types\/page"}],"author":[{"embeddable":true,"href":"https:\/\/catwatches.com\/es\/wp-json\/wp\/v2\/users\/1"}],"replies":[{"embeddable":true,"href":"https:\/\/catwatches.com\/es\/wp-json\/wp\/v2\/comments?post=18093"}],"version-history":[{"count":0,"href":"https:\/\/catwatches.com\/es\/wp-json\/wp\/v2\/pages\/18093\/revisions"}],"wp:attachment":[{"href":"https:\/\/catwatches.com\/es\/wp-json\/wp\/v2\/media?parent=18093"}],"curies":[{"name":"wp","href":"https:\/\/api.w.org\/{rel}","templated":true}]}}